{"id":323,"date":"2014-06-29T13:07:45","date_gmt":"2014-06-29T13:07:45","guid":{"rendered":"http:\/\/demo.themegrill.com\/accelerate\/?page_id=154"},"modified":"2023-09-07T14:48:52","modified_gmt":"2023-09-07T14:48:52","slug":"contact","status":"publish","type":"page","link":"https:\/\/surfacelab.com.tr\/index.php\/contact\/","title":{"rendered":"\u0130LET\u0130\u015e\u0130M"},"content":{"rendered":"<p><iframe loading=\"lazy\" style=\"border: 0;\" src=\"https:\/\/www.google.com\/maps\/embed?pb=!1m18!1m12!1m3!1d3011.443358528677!2d29.11771047666756!3d40.99366822032345!2m3!1f0!2f0!3f0!3m2!1i1024!2i768!4f13.1!3m3!1m2!1s0x14cac9869c13b0f5%3A0x1e86340e7fdad20b!2sSurfaceLAB!5e0!3m2!1str!2str!4v1694097707196!5m2!1str!2str\" width=\"600\" height=\"450\" allowfullscreen=\"allowfullscreen\"><\/iframe><\/p>\n","protected":false},"excerpt":{"rendered":"","protected":false},"author":1,"featured_media":0,"parent":0,"menu_order":0,"comment_status":"closed","ping_status":"closed","template":"","meta":{"om_disable_all_campaigns":false,"_mi_skip_tracking":false,"_monsterinsights_sitenote_active":false,"_monsterinsights_sitenote_note":"","_monsterinsights_sitenote_category":0,"footnotes":""},"class_list":["post-323","page","type-page","status-publish","hentry"],"aioseo_notices":[],"yoast_head":"<!-- This site is optimized with the Yoast SEO plugin v21.1 - https:\/\/yoast.com\/wordpress\/plugins\/seo\/ -->\n<title>\u0130LET\u0130\u015e\u0130M - SURFACE LAB. %<\/title>\n<meta name=\"robots\" content=\"index, follow, max-snippet:-1, max-image-preview:large, max-video-preview:-1\" \/>\n<link rel=\"canonical\" href=\"https:\/\/surfacelab.com.tr\/index.php\/contact\/\" \/>\n<meta property=\"og:locale\" content=\"tr_TR\" \/>\n<meta property=\"og:type\" content=\"article\" \/>\n<meta property=\"og:title\" content=\"\u0130LET\u0130\u015e\u0130M - SURFACE LAB. %\" \/>\n<meta property=\"og:url\" content=\"https:\/\/surfacelab.com.tr\/index.php\/contact\/\" \/>\n<meta property=\"og:site_name\" content=\"SURFACE LAB.\" \/>\n<meta property=\"article:modified_time\" content=\"2023-09-07T14:48:52+00:00\" \/>\n<meta name=\"twitter:card\" content=\"summary_large_image\" \/>\n<script type=\"application\/ld+json\" class=\"yoast-schema-graph\">{\"@context\":\"https:\/\/schema.org\",\"@graph\":[{\"@type\":\"WebPage\",\"@id\":\"https:\/\/surfacelab.com.tr\/index.php\/contact\/\",\"url\":\"https:\/\/surfacelab.com.tr\/index.php\/contact\/\",\"name\":\"\u0130LET\u0130\u015e\u0130M - SURFACE LAB. %\",\"isPartOf\":{\"@id\":\"https:\/\/surfacelab.com.tr\/#website\"},\"datePublished\":\"2014-06-29T13:07:45+00:00\",\"dateModified\":\"2023-09-07T14:48:52+00:00\",\"breadcrumb\":{\"@id\":\"https:\/\/surfacelab.com.tr\/index.php\/contact\/#breadcrumb\"},\"inLanguage\":\"tr\",\"potentialAction\":[{\"@type\":\"ReadAction\",\"target\":[\"https:\/\/surfacelab.com.tr\/index.php\/contact\/\"]}]},{\"@type\":\"BreadcrumbList\",\"@id\":\"https:\/\/surfacelab.com.tr\/index.php\/contact\/#breadcrumb\",\"itemListElement\":[{\"@type\":\"ListItem\",\"position\":1,\"name\":\"Anasayfa\",\"item\":\"https:\/\/surfacelab.com.tr\/\"},{\"@type\":\"ListItem\",\"position\":2,\"name\":\"\u0130LET\u0130\u015e\u0130M\"}]},{\"@type\":\"WebSite\",\"@id\":\"https:\/\/surfacelab.com.tr\/#website\",\"url\":\"https:\/\/surfacelab.com.tr\/\",\"name\":\"SURFACE LAB.\",\"description\":\"\",\"publisher\":{\"@id\":\"https:\/\/surfacelab.com.tr\/#organization\"},\"potentialAction\":[{\"@type\":\"SearchAction\",\"target\":{\"@type\":\"EntryPoint\",\"urlTemplate\":\"https:\/\/surfacelab.com.tr\/?s={search_term_string}\"},\"query-input\":\"required name=search_term_string\"}],\"inLanguage\":\"tr\"},{\"@type\":\"Organization\",\"@id\":\"https:\/\/surfacelab.com.tr\/#organization\",\"name\":\"SURFACE LAB.\",\"url\":\"https:\/\/surfacelab.com.tr\/\",\"logo\":{\"@type\":\"ImageObject\",\"inLanguage\":\"tr\",\"@id\":\"https:\/\/surfacelab.com.tr\/#\/schema\/logo\/image\/\",\"url\":\"https:\/\/surfacelab.com.tr\/wp-content\/uploads\/2022\/07\/surfacelab-logo-son.png\",\"contentUrl\":\"https:\/\/surfacelab.com.tr\/wp-content\/uploads\/2022\/07\/surfacelab-logo-son.png\",\"width\":2705,\"height\":586,\"caption\":\"SURFACE LAB.\"},\"image\":{\"@id\":\"https:\/\/surfacelab.com.tr\/#\/schema\/logo\/image\/\"}}]}<\/script>\n<!-- \/ Yoast SEO plugin. -->","yoast_head_json":{"title":"\u0130LET\u0130\u015e\u0130M - SURFACE LAB. %","robots":{"index":"index","follow":"follow","max-snippet":"max-snippet:-1","max-image-preview":"max-image-preview:large","max-video-preview":"max-video-preview:-1"},"canonical":"https:\/\/surfacelab.com.tr\/index.php\/contact\/","og_locale":"tr_TR","og_type":"article","og_title":"\u0130LET\u0130\u015e\u0130M - SURFACE LAB. %","og_url":"https:\/\/surfacelab.com.tr\/index.php\/contact\/","og_site_name":"SURFACE LAB.","article_modified_time":"2023-09-07T14:48:52+00:00","twitter_card":"summary_large_image","schema":{"@context":"https:\/\/schema.org","@graph":[{"@type":"WebPage","@id":"https:\/\/surfacelab.com.tr\/index.php\/contact\/","url":"https:\/\/surfacelab.com.tr\/index.php\/contact\/","name":"\u0130LET\u0130\u015e\u0130M - SURFACE LAB. %","isPartOf":{"@id":"https:\/\/surfacelab.com.tr\/#website"},"datePublished":"2014-06-29T13:07:45+00:00","dateModified":"2023-09-07T14:48:52+00:00","breadcrumb":{"@id":"https:\/\/surfacelab.com.tr\/index.php\/contact\/#breadcrumb"},"inLanguage":"tr","potentialAction":[{"@type":"ReadAction","target":["https:\/\/surfacelab.com.tr\/index.php\/contact\/"]}]},{"@type":"BreadcrumbList","@id":"https:\/\/surfacelab.com.tr\/index.php\/contact\/#breadcrumb","itemListElement":[{"@type":"ListItem","position":1,"name":"Anasayfa","item":"https:\/\/surfacelab.com.tr\/"},{"@type":"ListItem","position":2,"name":"\u0130LET\u0130\u015e\u0130M"}]},{"@type":"WebSite","@id":"https:\/\/surfacelab.com.tr\/#website","url":"https:\/\/surfacelab.com.tr\/","name":"SURFACE LAB.","description":"","publisher":{"@id":"https:\/\/surfacelab.com.tr\/#organization"},"potentialAction":[{"@type":"SearchAction","target":{"@type":"EntryPoint","urlTemplate":"https:\/\/surfacelab.com.tr\/?s={search_term_string}"},"query-input":"required name=search_term_string"}],"inLanguage":"tr"},{"@type":"Organization","@id":"https:\/\/surfacelab.com.tr\/#organization","name":"SURFACE LAB.","url":"https:\/\/surfacelab.com.tr\/","logo":{"@type":"ImageObject","inLanguage":"tr","@id":"https:\/\/surfacelab.com.tr\/#\/schema\/logo\/image\/","url":"https:\/\/surfacelab.com.tr\/wp-content\/uploads\/2022\/07\/surfacelab-logo-son.png","contentUrl":"https:\/\/surfacelab.com.tr\/wp-content\/uploads\/2022\/07\/surfacelab-logo-son.png","width":2705,"height":586,"caption":"SURFACE LAB."},"image":{"@id":"https:\/\/surfacelab.com.tr\/#\/schema\/logo\/image\/"}}]}},"_links":{"self":[{"href":"https:\/\/surfacelab.com.tr\/index.php\/wp-json\/wp\/v2\/pages\/323","targetHints":{"allow":["GET"]}}],"collection":[{"href":"https:\/\/surfacelab.com.tr\/index.php\/wp-json\/wp\/v2\/pages"}],"about":[{"href":"https:\/\/surfacelab.com.tr\/index.php\/wp-json\/wp\/v2\/types\/page"}],"author":[{"embeddable":true,"href":"https:\/\/surfacelab.com.tr\/index.php\/wp-json\/wp\/v2\/users\/1"}],"replies":[{"embeddable":true,"href":"https:\/\/surfacelab.com.tr\/index.php\/wp-json\/wp\/v2\/comments?post=323"}],"version-history":[{"count":20,"href":"https:\/\/surfacelab.com.tr\/index.php\/wp-json\/wp\/v2\/pages\/323\/revisions"}],"predecessor-version":[{"id":1775,"href":"https:\/\/surfacelab.com.tr\/index.php\/wp-json\/wp\/v2\/pages\/323\/revisions\/1775"}],"wp:attachment":[{"href":"https:\/\/surfacelab.com.tr\/index.php\/wp-json\/wp\/v2\/media?parent=323"}],"curies":[{"name":"wp","href":"https:\/\/api.w.org\/{rel}","templated":true}]}}