{"id":1710,"date":"2023-04-11T15:29:58","date_gmt":"2023-04-11T15:29:58","guid":{"rendered":"https:\/\/surfacelab.com.tr\/?page_id=1710"},"modified":"2023-05-23T13:20:28","modified_gmt":"2023-05-23T13:20:28","slug":"s-neox","status":"publish","type":"page","link":"https:\/\/surfacelab.com.tr\/index.php\/urunler\/sensofar\/s-neox\/","title":{"rendered":"S neox"},"content":{"rendered":"<p style=\"text-align: center;\"><strong>SENSOFAR S neox 3D Temass\u0131z Optik Profilometre<\/strong><\/p>\n<p><img loading=\"lazy\" decoding=\"async\" class=\"alignnone size-full wp-image-1601\" src=\"https:\/\/surfacelab.com.tr\/wp-content\/uploads\/2023\/04\/PH90-01W-S-neox-090-complete-system.png\" alt=\"\" width=\"3000\" height=\"1277\" srcset=\"https:\/\/surfacelab.com.tr\/wp-content\/uploads\/2023\/04\/PH90-01W-S-neox-090-complete-system.png 3000w, https:\/\/surfacelab.com.tr\/wp-content\/uploads\/2023\/04\/PH90-01W-S-neox-090-complete-system-300x128.png 300w, https:\/\/surfacelab.com.tr\/wp-content\/uploads\/2023\/04\/PH90-01W-S-neox-090-complete-system-1024x436.png 1024w, https:\/\/surfacelab.com.tr\/wp-content\/uploads\/2023\/04\/PH90-01W-S-neox-090-complete-system-768x327.png 768w, https:\/\/surfacelab.com.tr\/wp-content\/uploads\/2023\/04\/PH90-01W-S-neox-090-complete-system-1536x654.png 1536w, https:\/\/surfacelab.com.tr\/wp-content\/uploads\/2023\/04\/PH90-01W-S-neox-090-complete-system-2048x872.png 2048w, https:\/\/surfacelab.com.tr\/wp-content\/uploads\/2023\/04\/PH90-01W-S-neox-090-complete-system-850x362.png 850w\" sizes=\"auto, (max-width: 3000px) 100vw, 3000px\" \/><\/p>\n<p>Yeni S neox optik profilometre, performans, i\u015flevsellik, verimlilik ve tasar\u0131m a\u00e7\u0131s\u0131ndan mevcut optik 3D profil olu\u015fturma mikroskoplar\u0131ndan daha iyi performans g\u00f6stererek Sensofar&#8217;a s\u0131n\u0131f\u0131nda lider bir alan \u00f6l\u00e7\u00fcm sistemi sa\u011flar.<\/p>\n<p>&nbsp;<\/p>\n<div class=\"foogallery foogallery-container foogallery-carousel foogallery-lightbox-foobox fg-carousel fg-light fg-border-thin fg-shadow-outline fg-loading-default fg-loaded-fade-in fg-caption-hover fg-hover-fade fg-hover-zoom fg-ready\" id=\"foogallery-gallery-1616\" data-foogallery=\"{&quot;item&quot;:{&quot;showCaptionTitle&quot;:true,&quot;showCaptionDescription&quot;:true},&quot;lazy&quot;:true,&quot;template&quot;:{&quot;maxItems&quot;:3,&quot;scale&quot;:0.11999999999999999555910790149937383830547332763671875,&quot;gutter&quot;:{&quot;min&quot;:-40,&quot;max&quot;:-20,&quot;unit&quot;:&quot;%&quot;},&quot;autoplay&quot;:{&quot;time&quot;:0,&quot;interaction&quot;:&quot;pause&quot;},&quot;centerOnClick&quot;:true}}\" >\r\n\t<button type=\"button\" class=\"fg-carousel-prev\"><\/button>\r\n\t<div class=\"fg-carousel-inner\">\r\n\t\t<div class=\"fg-carousel-center\"><\/div>\r\n\t\t<div class=\"fg-item fg-type-image fg-idle\"><figure class=\"fg-item-inner\"><a href=\"https:\/\/surfacelab.com.tr\/wp-content\/uploads\/2023\/04\/PH90-01W-S-neox-090-prespective-view-B.png\" data-caption-desc=\"PH90-01W-S neox 090 - prespective view B\" data-attachment-id=\"1603\" class=\"fg-thumb\"><span class=\"fg-image-wrap\"><img decoding=\"async\" width=\"200\" height=\"200\" class=\"skip-lazy fg-image\" data-src-fg=\"https:\/\/surfacelab.com.tr\/wp-content\/uploads\/cache\/2023\/04\/PH90-01W-S-neox-090-prespective-view-B\/2522002471.png\" src=\"data:image\/svg+xml,%3Csvg%20xmlns%3D%22http%3A%2F%2Fwww.w3.org%2F2000%2Fsvg%22%20width%3D%22200%22%20height%3D%22200%22%20viewBox%3D%220%200%20200%20200%22%3E%3C%2Fsvg%3E\" loading=\"eager\"><\/span><span class=\"fg-image-overlay\"><\/span><\/a><figcaption class=\"fg-caption\"><div class=\"fg-caption-inner\"><div class=\"fg-caption-desc\">PH90-01W-S neox 090 - prespective view B<\/div><\/div><\/figcaption><\/figure><div class=\"fg-loader\"><\/div><\/div><div class=\"fg-item fg-type-image fg-idle\"><figure class=\"fg-item-inner\"><a href=\"https:\/\/surfacelab.com.tr\/wp-content\/uploads\/2023\/04\/PH90-01W-S-neox-090-prespective-view-A-2021.png\" data-caption-desc=\"PH90-01W-S neox 090 - prespective view A 2021\" data-attachment-id=\"1602\" class=\"fg-thumb\"><span class=\"fg-image-wrap\"><img decoding=\"async\" width=\"200\" height=\"200\" class=\"skip-lazy fg-image\" data-src-fg=\"https:\/\/surfacelab.com.tr\/wp-content\/uploads\/cache\/2023\/04\/PH90-01W-S-neox-090-prespective-view-A-2021\/3857261196.png\" src=\"data:image\/svg+xml,%3Csvg%20xmlns%3D%22http%3A%2F%2Fwww.w3.org%2F2000%2Fsvg%22%20width%3D%22200%22%20height%3D%22200%22%20viewBox%3D%220%200%20200%20200%22%3E%3C%2Fsvg%3E\" loading=\"eager\"><\/span><span class=\"fg-image-overlay\"><\/span><\/a><figcaption class=\"fg-caption\"><div class=\"fg-caption-inner\"><div class=\"fg-caption-desc\">PH90-01W-S neox 090 - prespective view A 2021<\/div><\/div><\/figcaption><\/figure><div class=\"fg-loader\"><\/div><\/div><div class=\"fg-item fg-type-image fg-idle\"><figure class=\"fg-item-inner\"><a href=\"https:\/\/surfacelab.com.tr\/wp-content\/uploads\/2023\/04\/rholes.png\" data-caption-desc=\"rholes\" data-attachment-id=\"1604\" class=\"fg-thumb\"><span class=\"fg-image-wrap\"><img decoding=\"async\" width=\"200\" height=\"200\" class=\"skip-lazy fg-image\" data-src-fg=\"https:\/\/surfacelab.com.tr\/wp-content\/uploads\/cache\/2023\/04\/rholes\/567310987.png\" src=\"data:image\/svg+xml,%3Csvg%20xmlns%3D%22http%3A%2F%2Fwww.w3.org%2F2000%2Fsvg%22%20width%3D%22200%22%20height%3D%22200%22%20viewBox%3D%220%200%20200%20200%22%3E%3C%2Fsvg%3E\" loading=\"eager\"><\/span><span class=\"fg-image-overlay\"><\/span><\/a><figcaption class=\"fg-caption\"><div class=\"fg-caption-inner\"><div class=\"fg-caption-desc\">rholes<\/div><\/div><\/figcaption><\/figure><div class=\"fg-loader\"><\/div><\/div><div class=\"fg-item fg-type-image fg-idle\"><figure class=\"fg-item-inner\"><a href=\"https:\/\/surfacelab.com.tr\/wp-content\/uploads\/2023\/04\/S-neox-090-PCB-color-image.jpg\" data-caption-desc=\"S neox 090 - PCB color image\" data-attachment-id=\"1605\" class=\"fg-thumb\"><span class=\"fg-image-wrap\"><img decoding=\"async\" width=\"200\" height=\"200\" class=\"skip-lazy fg-image\" data-src-fg=\"https:\/\/surfacelab.com.tr\/wp-content\/uploads\/cache\/2023\/04\/S-neox-090-PCB-color-image\/1959227549.jpg\" src=\"data:image\/svg+xml,%3Csvg%20xmlns%3D%22http%3A%2F%2Fwww.w3.org%2F2000%2Fsvg%22%20width%3D%22200%22%20height%3D%22200%22%20viewBox%3D%220%200%20200%20200%22%3E%3C%2Fsvg%3E\" loading=\"eager\"><\/span><span class=\"fg-image-overlay\"><\/span><\/a><figcaption class=\"fg-caption\"><div class=\"fg-caption-inner\"><div class=\"fg-caption-desc\">S neox 090 - PCB color image<\/div><\/div><\/figcaption><\/figure><div class=\"fg-loader\"><\/div><\/div><div class=\"fg-item fg-type-image fg-idle\"><figure class=\"fg-item-inner\"><a href=\"https:\/\/surfacelab.com.tr\/wp-content\/uploads\/2023\/04\/surface_texture.png\" data-caption-desc=\"surface_texture\" data-attachment-id=\"1606\" class=\"fg-thumb\"><span class=\"fg-image-wrap\"><img decoding=\"async\" width=\"200\" height=\"200\" class=\"skip-lazy fg-image\" data-src-fg=\"https:\/\/surfacelab.com.tr\/wp-content\/uploads\/cache\/2023\/04\/surface_texture\/2899856915.png\" src=\"data:image\/svg+xml,%3Csvg%20xmlns%3D%22http%3A%2F%2Fwww.w3.org%2F2000%2Fsvg%22%20width%3D%22200%22%20height%3D%22200%22%20viewBox%3D%220%200%20200%20200%22%3E%3C%2Fsvg%3E\" loading=\"eager\"><\/span><span class=\"fg-image-overlay\"><\/span><\/a><figcaption class=\"fg-caption\"><div class=\"fg-caption-inner\"><div class=\"fg-caption-desc\">surface_texture<\/div><\/div><\/figcaption><\/figure><div class=\"fg-loader\"><\/div><\/div><div class=\"fg-item fg-type-image fg-idle\"><figure class=\"fg-item-inner\"><a href=\"https:\/\/surfacelab.com.tr\/wp-content\/uploads\/2023\/04\/traceability.png\" data-caption-desc=\"traceability\" data-attachment-id=\"1607\" class=\"fg-thumb\"><span class=\"fg-image-wrap\"><img decoding=\"async\" width=\"200\" height=\"200\" class=\"skip-lazy fg-image\" data-src-fg=\"https:\/\/surfacelab.com.tr\/wp-content\/uploads\/cache\/2023\/04\/traceability\/3587807827.png\" src=\"data:image\/svg+xml,%3Csvg%20xmlns%3D%22http%3A%2F%2Fwww.w3.org%2F2000%2Fsvg%22%20width%3D%22200%22%20height%3D%22200%22%20viewBox%3D%220%200%20200%20200%22%3E%3C%2Fsvg%3E\" loading=\"eager\"><\/span><span class=\"fg-image-overlay\"><\/span><\/a><figcaption class=\"fg-caption\"><div class=\"fg-caption-inner\"><div class=\"fg-caption-desc\">traceability<\/div><\/div><\/figcaption><\/figure><div class=\"fg-loader\"><\/div><\/div><div class=\"fg-item fg-type-image fg-idle\"><figure class=\"fg-item-inner\"><a href=\"https:\/\/surfacelab.com.tr\/wp-content\/uploads\/2023\/04\/traces.png\" data-caption-desc=\"traces\" data-attachment-id=\"1608\" class=\"fg-thumb\"><span class=\"fg-image-wrap\"><img decoding=\"async\" width=\"200\" height=\"200\" class=\"skip-lazy fg-image\" data-src-fg=\"https:\/\/surfacelab.com.tr\/wp-content\/uploads\/cache\/2023\/04\/traces\/670377127.png\" src=\"data:image\/svg+xml,%3Csvg%20xmlns%3D%22http%3A%2F%2Fwww.w3.org%2F2000%2Fsvg%22%20width%3D%22200%22%20height%3D%22200%22%20viewBox%3D%220%200%20200%20200%22%3E%3C%2Fsvg%3E\" loading=\"eager\"><\/span><span class=\"fg-image-overlay\"><\/span><\/a><figcaption class=\"fg-caption\"><div class=\"fg-caption-inner\"><div class=\"fg-caption-desc\">traces<\/div><\/div><\/figcaption><\/figure><div class=\"fg-loader\"><\/div><\/div><div class=\"fg-item fg-type-image fg-idle\"><figure class=\"fg-item-inner\"><a href=\"https:\/\/surfacelab.com.tr\/wp-content\/uploads\/2023\/04\/pads.png\" data-caption-desc=\"pads\" data-attachment-id=\"1600\" class=\"fg-thumb\"><span class=\"fg-image-wrap\"><img decoding=\"async\" width=\"200\" height=\"200\" class=\"skip-lazy fg-image\" data-src-fg=\"https:\/\/surfacelab.com.tr\/wp-content\/uploads\/cache\/2023\/04\/pads\/1778170974.png\" src=\"data:image\/svg+xml,%3Csvg%20xmlns%3D%22http%3A%2F%2Fwww.w3.org%2F2000%2Fsvg%22%20width%3D%22200%22%20height%3D%22200%22%20viewBox%3D%220%200%20200%20200%22%3E%3C%2Fsvg%3E\" loading=\"eager\"><\/span><span class=\"fg-image-overlay\"><\/span><\/a><figcaption class=\"fg-caption\"><div class=\"fg-caption-inner\"><div class=\"fg-caption-desc\">pads<\/div><\/div><\/figcaption><\/figure><div class=\"fg-loader\"><\/div><\/div><div class=\"fg-item fg-type-image fg-idle\"><figure class=\"fg-item-inner\"><a href=\"https:\/\/surfacelab.com.tr\/wp-content\/uploads\/2023\/04\/laser_cut_img_2.png\" data-caption-desc=\"laser_cut_img_2\" data-attachment-id=\"1599\" class=\"fg-thumb\"><span class=\"fg-image-wrap\"><img decoding=\"async\" width=\"200\" height=\"200\" class=\"skip-lazy fg-image\" data-src-fg=\"https:\/\/surfacelab.com.tr\/wp-content\/uploads\/cache\/2023\/04\/laser_cut_img_2\/3219430636.png\" src=\"data:image\/svg+xml,%3Csvg%20xmlns%3D%22http%3A%2F%2Fwww.w3.org%2F2000%2Fsvg%22%20width%3D%22200%22%20height%3D%22200%22%20viewBox%3D%220%200%20200%20200%22%3E%3C%2Fsvg%3E\" loading=\"eager\"><\/span><span class=\"fg-image-overlay\"><\/span><\/a><figcaption class=\"fg-caption\"><div class=\"fg-caption-inner\"><div class=\"fg-caption-desc\">laser_cut_img_2<\/div><\/div><\/figcaption><\/figure><div class=\"fg-loader\"><\/div><\/div><div class=\"fg-item fg-type-image fg-idle\"><figure class=\"fg-item-inner\"><a href=\"https:\/\/surfacelab.com.tr\/wp-content\/uploads\/2023\/04\/High-slopes.png\" data-caption-desc=\"High-slopes\" data-attachment-id=\"1598\" class=\"fg-thumb\"><span class=\"fg-image-wrap\"><img decoding=\"async\" width=\"200\" height=\"200\" class=\"skip-lazy fg-image\" data-src-fg=\"https:\/\/surfacelab.com.tr\/wp-content\/uploads\/cache\/2023\/04\/High-slopes\/1970976844.png\" src=\"data:image\/svg+xml,%3Csvg%20xmlns%3D%22http%3A%2F%2Fwww.w3.org%2F2000%2Fsvg%22%20width%3D%22200%22%20height%3D%22200%22%20viewBox%3D%220%200%20200%20200%22%3E%3C%2Fsvg%3E\" loading=\"eager\"><\/span><span class=\"fg-image-overlay\"><\/span><\/a><figcaption class=\"fg-caption\"><div class=\"fg-caption-inner\"><div class=\"fg-caption-desc\">High-slopes<\/div><\/div><\/figcaption><\/figure><div class=\"fg-loader\"><\/div><\/div><div class=\"fg-item fg-type-image fg-idle\"><figure class=\"fg-item-inner\"><a href=\"https:\/\/surfacelab.com.tr\/wp-content\/uploads\/2023\/04\/high_resolution.png\" data-caption-desc=\"high_resolution\" data-attachment-id=\"1597\" class=\"fg-thumb\"><span class=\"fg-image-wrap\"><img decoding=\"async\" width=\"200\" height=\"200\" class=\"skip-lazy fg-image\" data-src-fg=\"https:\/\/surfacelab.com.tr\/wp-content\/uploads\/cache\/2023\/04\/high_resolution\/3285423872.png\" src=\"data:image\/svg+xml,%3Csvg%20xmlns%3D%22http%3A%2F%2Fwww.w3.org%2F2000%2Fsvg%22%20width%3D%22200%22%20height%3D%22200%22%20viewBox%3D%220%200%20200%20200%22%3E%3C%2Fsvg%3E\" loading=\"eager\"><\/span><span class=\"fg-image-overlay\"><\/span><\/a><figcaption class=\"fg-caption\"><div class=\"fg-caption-inner\"><div class=\"fg-caption-desc\">high_resolution<\/div><\/div><\/figcaption><\/figure><div class=\"fg-loader\"><\/div><\/div><div class=\"fg-item fg-type-image fg-idle\"><figure class=\"fg-item-inner\"><a href=\"https:\/\/surfacelab.com.tr\/wp-content\/uploads\/2023\/04\/apli08.png\" data-caption-desc=\"apli08\" data-attachment-id=\"1596\" class=\"fg-thumb\"><span class=\"fg-image-wrap\"><img decoding=\"async\" width=\"200\" height=\"200\" class=\"skip-lazy fg-image\" data-src-fg=\"https:\/\/surfacelab.com.tr\/wp-content\/uploads\/cache\/2023\/04\/apli08\/395364391.png\" src=\"data:image\/svg+xml,%3Csvg%20xmlns%3D%22http%3A%2F%2Fwww.w3.org%2F2000%2Fsvg%22%20width%3D%22200%22%20height%3D%22200%22%20viewBox%3D%220%200%20200%20200%22%3E%3C%2Fsvg%3E\" loading=\"eager\"><\/span><span class=\"fg-image-overlay\"><\/span><\/a><figcaption class=\"fg-caption\"><div class=\"fg-caption-inner\"><div class=\"fg-caption-desc\">apli08<\/div><\/div><\/figcaption><\/figure><div class=\"fg-loader\"><\/div><\/div><div class=\"fg-item fg-type-image fg-idle\"><figure class=\"fg-item-inner\"><a href=\"https:\/\/surfacelab.com.tr\/wp-content\/uploads\/2023\/04\/apli05.png\" data-caption-desc=\"apli05\" data-attachment-id=\"1595\" class=\"fg-thumb\"><span class=\"fg-image-wrap\"><img decoding=\"async\" width=\"200\" height=\"200\" class=\"skip-lazy fg-image\" data-src-fg=\"https:\/\/surfacelab.com.tr\/wp-content\/uploads\/cache\/2023\/04\/apli05\/789947007.png\" src=\"data:image\/svg+xml,%3Csvg%20xmlns%3D%22http%3A%2F%2Fwww.w3.org%2F2000%2Fsvg%22%20width%3D%22200%22%20height%3D%22200%22%20viewBox%3D%220%200%20200%20200%22%3E%3C%2Fsvg%3E\" loading=\"eager\"><\/span><span class=\"fg-image-overlay\"><\/span><\/a><figcaption class=\"fg-caption\"><div class=\"fg-caption-inner\"><div class=\"fg-caption-desc\">apli05<\/div><\/div><\/figcaption><\/figure><div class=\"fg-loader\"><\/div><\/div><div class=\"fg-item fg-type-image fg-idle\"><figure class=\"fg-item-inner\"><a href=\"https:\/\/surfacelab.com.tr\/wp-content\/uploads\/2023\/04\/apli04.png\" data-caption-desc=\"apli04\" data-attachment-id=\"1594\" class=\"fg-thumb\"><span class=\"fg-image-wrap\"><img decoding=\"async\" width=\"200\" height=\"200\" class=\"skip-lazy fg-image\" data-src-fg=\"https:\/\/surfacelab.com.tr\/wp-content\/uploads\/cache\/2023\/04\/apli04\/873499225.png\" src=\"data:image\/svg+xml,%3Csvg%20xmlns%3D%22http%3A%2F%2Fwww.w3.org%2F2000%2Fsvg%22%20width%3D%22200%22%20height%3D%22200%22%20viewBox%3D%220%200%20200%20200%22%3E%3C%2Fsvg%3E\" loading=\"eager\"><\/span><span class=\"fg-image-overlay\"><\/span><\/a><figcaption class=\"fg-caption\"><div class=\"fg-caption-inner\"><div class=\"fg-caption-desc\">apli04<\/div><\/div><\/figcaption><\/figure><div class=\"fg-loader\"><\/div><\/div><div class=\"fg-item fg-type-image fg-idle\"><figure class=\"fg-item-inner\"><a href=\"https:\/\/surfacelab.com.tr\/wp-content\/uploads\/2023\/04\/apli03-1.png\" data-caption-desc=\"apli03\" data-attachment-id=\"1593\" class=\"fg-thumb\"><span class=\"fg-image-wrap\"><img decoding=\"async\" width=\"200\" height=\"200\" class=\"skip-lazy fg-image\" data-src-fg=\"https:\/\/surfacelab.com.tr\/wp-content\/uploads\/cache\/2023\/04\/apli03-1\/261839681.png\" src=\"data:image\/svg+xml,%3Csvg%20xmlns%3D%22http%3A%2F%2Fwww.w3.org%2F2000%2Fsvg%22%20width%3D%22200%22%20height%3D%22200%22%20viewBox%3D%220%200%20200%20200%22%3E%3C%2Fsvg%3E\" loading=\"eager\"><\/span><span class=\"fg-image-overlay\"><\/span><\/a><figcaption class=\"fg-caption\"><div class=\"fg-caption-inner\"><div class=\"fg-caption-desc\">apli03<\/div><\/div><\/figcaption><\/figure><div class=\"fg-loader\"><\/div><\/div><div class=\"fg-item fg-type-image fg-idle\"><figure class=\"fg-item-inner\"><a href=\"https:\/\/surfacelab.com.tr\/wp-content\/uploads\/2023\/04\/apli03.png\" data-caption-desc=\"apli03\" data-attachment-id=\"1592\" class=\"fg-thumb\"><span class=\"fg-image-wrap\"><img decoding=\"async\" width=\"200\" height=\"200\" class=\"skip-lazy fg-image\" data-src-fg=\"https:\/\/surfacelab.com.tr\/wp-content\/uploads\/cache\/2023\/04\/apli03\/2728688147.png\" src=\"data:image\/svg+xml,%3Csvg%20xmlns%3D%22http%3A%2F%2Fwww.w3.org%2F2000%2Fsvg%22%20width%3D%22200%22%20height%3D%22200%22%20viewBox%3D%220%200%20200%20200%22%3E%3C%2Fsvg%3E\" loading=\"eager\"><\/span><span class=\"fg-image-overlay\"><\/span><\/a><figcaption class=\"fg-caption\"><div class=\"fg-caption-inner\"><div class=\"fg-caption-desc\">apli03<\/div><\/div><\/figcaption><\/figure><div class=\"fg-loader\"><\/div><\/div><div class=\"fg-item fg-type-image fg-idle\"><figure class=\"fg-item-inner\"><a href=\"https:\/\/surfacelab.com.tr\/wp-content\/uploads\/2023\/04\/apli02.png\" target=\"foobox\" data-caption-desc=\"apli02\" data-attachment-id=\"1591\" class=\"fg-thumb\"><span class=\"fg-image-wrap\"><img decoding=\"async\" width=\"200\" height=\"200\" class=\"skip-lazy fg-image\" data-src-fg=\"https:\/\/surfacelab.com.tr\/wp-content\/uploads\/cache\/2023\/04\/apli02\/3448636676.png\" src=\"data:image\/svg+xml,%3Csvg%20xmlns%3D%22http%3A%2F%2Fwww.w3.org%2F2000%2Fsvg%22%20width%3D%22200%22%20height%3D%22200%22%20viewBox%3D%220%200%20200%20200%22%3E%3C%2Fsvg%3E\" loading=\"eager\"><\/span><span class=\"fg-image-overlay\"><\/span><\/a><figcaption class=\"fg-caption\"><div class=\"fg-caption-inner\"><div class=\"fg-caption-desc\">apli02<\/div><\/div><\/figcaption><\/figure><div class=\"fg-loader\"><\/div><\/div>\t<\/div>\r\n\t<div class=\"fg-carousel-bottom\"><\/div>\r\n\t<div class=\"fg-carousel-progress\"><\/div>\r\n\t<button type=\"button\" class=\"fg-carousel-next\"><\/button>\r\n<\/div>\n","protected":false},"excerpt":{"rendered":"<p>SENSOFAR S neox 3D Temass\u0131z Optik Profilometre Yeni S neox optik profilometre, performans, i\u015flevsellik, verimlilik ve tasar\u0131m a\u00e7\u0131s\u0131ndan mevcut optik 3D profil olu\u015fturma mikroskoplar\u0131ndan daha iyi performans g\u00f6stererek Sensofar&#8217;a s\u0131n\u0131f\u0131nda lider bir alan \u00f6l\u00e7\u00fcm sistemi sa\u011flar. &nbsp;<\/p>\n","protected":false},"author":1,"featured_media":0,"parent":1311,"menu_order":0,"comment_status":"closed","ping_status":"closed","template":"","meta":{"om_disable_all_campaigns":false,"_mi_skip_tracking":false,"_monsterinsights_sitenote_active":false,"_monsterinsights_sitenote_note":"","_monsterinsights_sitenote_category":0,"footnotes":""},"class_list":["post-1710","page","type-page","status-publish","hentry"],"aioseo_notices":[],"yoast_head":"<!-- This site is optimized with the Yoast SEO plugin v21.1 - https:\/\/yoast.com\/wordpress\/plugins\/seo\/ -->\n<title>S neox - SURFACE LAB.<\/title>\n<meta name=\"robots\" content=\"index, follow, max-snippet:-1, max-image-preview:large, max-video-preview:-1\" \/>\n<link rel=\"canonical\" href=\"https:\/\/surfacelab.com.tr\/index.php\/urunler\/sensofar\/s-neox\/\" \/>\n<meta property=\"og:locale\" content=\"tr_TR\" \/>\n<meta property=\"og:type\" content=\"article\" \/>\n<meta property=\"og:title\" content=\"S neox - SURFACE LAB.\" \/>\n<meta property=\"og:description\" content=\"SENSOFAR S neox 3D Temass\u0131z Optik Profilometre Yeni S neox optik profilometre, performans, i\u015flevsellik, verimlilik ve tasar\u0131m a\u00e7\u0131s\u0131ndan mevcut optik 3D profil olu\u015fturma mikroskoplar\u0131ndan daha iyi performans g\u00f6stererek Sensofar&#8217;a s\u0131n\u0131f\u0131nda lider bir alan \u00f6l\u00e7\u00fcm sistemi sa\u011flar. &nbsp;\" \/>\n<meta property=\"og:url\" content=\"https:\/\/surfacelab.com.tr\/index.php\/urunler\/sensofar\/s-neox\/\" \/>\n<meta property=\"og:site_name\" content=\"SURFACE LAB.\" \/>\n<meta property=\"article:modified_time\" content=\"2023-05-23T13:20:28+00:00\" \/>\n<meta property=\"og:image\" content=\"https:\/\/surfacelab.com.tr\/wp-content\/uploads\/2023\/04\/PH90-01W-S-neox-090-complete-system.png\" \/>\n<meta name=\"twitter:card\" content=\"summary_large_image\" \/>\n<script type=\"application\/ld+json\" class=\"yoast-schema-graph\">{\"@context\":\"https:\/\/schema.org\",\"@graph\":[{\"@type\":\"WebPage\",\"@id\":\"https:\/\/surfacelab.com.tr\/index.php\/urunler\/sensofar\/s-neox\/\",\"url\":\"https:\/\/surfacelab.com.tr\/index.php\/urunler\/sensofar\/s-neox\/\",\"name\":\"S neox - SURFACE LAB.\",\"isPartOf\":{\"@id\":\"https:\/\/surfacelab.com.tr\/#website\"},\"datePublished\":\"2023-04-11T15:29:58+00:00\",\"dateModified\":\"2023-05-23T13:20:28+00:00\",\"breadcrumb\":{\"@id\":\"https:\/\/surfacelab.com.tr\/index.php\/urunler\/sensofar\/s-neox\/#breadcrumb\"},\"inLanguage\":\"tr\",\"potentialAction\":[{\"@type\":\"ReadAction\",\"target\":[\"https:\/\/surfacelab.com.tr\/index.php\/urunler\/sensofar\/s-neox\/\"]}]},{\"@type\":\"BreadcrumbList\",\"@id\":\"https:\/\/surfacelab.com.tr\/index.php\/urunler\/sensofar\/s-neox\/#breadcrumb\",\"itemListElement\":[{\"@type\":\"ListItem\",\"position\":1,\"name\":\"Anasayfa\",\"item\":\"https:\/\/surfacelab.com.tr\/\"},{\"@type\":\"ListItem\",\"position\":2,\"name\":\"\u00dcR\u00dcNLER\",\"item\":\"https:\/\/surfacelab.com.tr\/index.php\/urunler\/\"},{\"@type\":\"ListItem\",\"position\":3,\"name\":\"SENSOFAR\",\"item\":\"https:\/\/surfacelab.com.tr\/index.php\/urunler\/sensofar\/\"},{\"@type\":\"ListItem\",\"position\":4,\"name\":\"S neox\"}]},{\"@type\":\"WebSite\",\"@id\":\"https:\/\/surfacelab.com.tr\/#website\",\"url\":\"https:\/\/surfacelab.com.tr\/\",\"name\":\"SURFACE LAB.\",\"description\":\"\",\"publisher\":{\"@id\":\"https:\/\/surfacelab.com.tr\/#organization\"},\"potentialAction\":[{\"@type\":\"SearchAction\",\"target\":{\"@type\":\"EntryPoint\",\"urlTemplate\":\"https:\/\/surfacelab.com.tr\/?s={search_term_string}\"},\"query-input\":\"required name=search_term_string\"}],\"inLanguage\":\"tr\"},{\"@type\":\"Organization\",\"@id\":\"https:\/\/surfacelab.com.tr\/#organization\",\"name\":\"SURFACE LAB.\",\"url\":\"https:\/\/surfacelab.com.tr\/\",\"logo\":{\"@type\":\"ImageObject\",\"inLanguage\":\"tr\",\"@id\":\"https:\/\/surfacelab.com.tr\/#\/schema\/logo\/image\/\",\"url\":\"https:\/\/surfacelab.com.tr\/wp-content\/uploads\/2022\/07\/surfacelab-logo-son.png\",\"contentUrl\":\"https:\/\/surfacelab.com.tr\/wp-content\/uploads\/2022\/07\/surfacelab-logo-son.png\",\"width\":2705,\"height\":586,\"caption\":\"SURFACE LAB.\"},\"image\":{\"@id\":\"https:\/\/surfacelab.com.tr\/#\/schema\/logo\/image\/\"}}]}<\/script>\n<!-- \/ Yoast SEO plugin. -->","yoast_head_json":{"title":"S neox - SURFACE LAB.","robots":{"index":"index","follow":"follow","max-snippet":"max-snippet:-1","max-image-preview":"max-image-preview:large","max-video-preview":"max-video-preview:-1"},"canonical":"https:\/\/surfacelab.com.tr\/index.php\/urunler\/sensofar\/s-neox\/","og_locale":"tr_TR","og_type":"article","og_title":"S neox - SURFACE LAB.","og_description":"SENSOFAR S neox 3D Temass\u0131z Optik Profilometre Yeni S neox optik profilometre, performans, i\u015flevsellik, verimlilik ve tasar\u0131m a\u00e7\u0131s\u0131ndan mevcut optik 3D profil olu\u015fturma mikroskoplar\u0131ndan daha iyi performans g\u00f6stererek Sensofar&#8217;a s\u0131n\u0131f\u0131nda lider bir alan \u00f6l\u00e7\u00fcm sistemi sa\u011flar. &nbsp;","og_url":"https:\/\/surfacelab.com.tr\/index.php\/urunler\/sensofar\/s-neox\/","og_site_name":"SURFACE LAB.","article_modified_time":"2023-05-23T13:20:28+00:00","og_image":[{"url":"https:\/\/surfacelab.com.tr\/wp-content\/uploads\/2023\/04\/PH90-01W-S-neox-090-complete-system.png"}],"twitter_card":"summary_large_image","schema":{"@context":"https:\/\/schema.org","@graph":[{"@type":"WebPage","@id":"https:\/\/surfacelab.com.tr\/index.php\/urunler\/sensofar\/s-neox\/","url":"https:\/\/surfacelab.com.tr\/index.php\/urunler\/sensofar\/s-neox\/","name":"S neox - SURFACE LAB.","isPartOf":{"@id":"https:\/\/surfacelab.com.tr\/#website"},"datePublished":"2023-04-11T15:29:58+00:00","dateModified":"2023-05-23T13:20:28+00:00","breadcrumb":{"@id":"https:\/\/surfacelab.com.tr\/index.php\/urunler\/sensofar\/s-neox\/#breadcrumb"},"inLanguage":"tr","potentialAction":[{"@type":"ReadAction","target":["https:\/\/surfacelab.com.tr\/index.php\/urunler\/sensofar\/s-neox\/"]}]},{"@type":"BreadcrumbList","@id":"https:\/\/surfacelab.com.tr\/index.php\/urunler\/sensofar\/s-neox\/#breadcrumb","itemListElement":[{"@type":"ListItem","position":1,"name":"Anasayfa","item":"https:\/\/surfacelab.com.tr\/"},{"@type":"ListItem","position":2,"name":"\u00dcR\u00dcNLER","item":"https:\/\/surfacelab.com.tr\/index.php\/urunler\/"},{"@type":"ListItem","position":3,"name":"SENSOFAR","item":"https:\/\/surfacelab.com.tr\/index.php\/urunler\/sensofar\/"},{"@type":"ListItem","position":4,"name":"S neox"}]},{"@type":"WebSite","@id":"https:\/\/surfacelab.com.tr\/#website","url":"https:\/\/surfacelab.com.tr\/","name":"SURFACE LAB.","description":"","publisher":{"@id":"https:\/\/surfacelab.com.tr\/#organization"},"potentialAction":[{"@type":"SearchAction","target":{"@type":"EntryPoint","urlTemplate":"https:\/\/surfacelab.com.tr\/?s={search_term_string}"},"query-input":"required name=search_term_string"}],"inLanguage":"tr"},{"@type":"Organization","@id":"https:\/\/surfacelab.com.tr\/#organization","name":"SURFACE LAB.","url":"https:\/\/surfacelab.com.tr\/","logo":{"@type":"ImageObject","inLanguage":"tr","@id":"https:\/\/surfacelab.com.tr\/#\/schema\/logo\/image\/","url":"https:\/\/surfacelab.com.tr\/wp-content\/uploads\/2022\/07\/surfacelab-logo-son.png","contentUrl":"https:\/\/surfacelab.com.tr\/wp-content\/uploads\/2022\/07\/surfacelab-logo-son.png","width":2705,"height":586,"caption":"SURFACE LAB."},"image":{"@id":"https:\/\/surfacelab.com.tr\/#\/schema\/logo\/image\/"}}]}},"_links":{"self":[{"href":"https:\/\/surfacelab.com.tr\/index.php\/wp-json\/wp\/v2\/pages\/1710","targetHints":{"allow":["GET"]}}],"collection":[{"href":"https:\/\/surfacelab.com.tr\/index.php\/wp-json\/wp\/v2\/pages"}],"about":[{"href":"https:\/\/surfacelab.com.tr\/index.php\/wp-json\/wp\/v2\/types\/page"}],"author":[{"embeddable":true,"href":"https:\/\/surfacelab.com.tr\/index.php\/wp-json\/wp\/v2\/users\/1"}],"replies":[{"embeddable":true,"href":"https:\/\/surfacelab.com.tr\/index.php\/wp-json\/wp\/v2\/comments?post=1710"}],"version-history":[{"count":2,"href":"https:\/\/surfacelab.com.tr\/index.php\/wp-json\/wp\/v2\/pages\/1710\/revisions"}],"predecessor-version":[{"id":1726,"href":"https:\/\/surfacelab.com.tr\/index.php\/wp-json\/wp\/v2\/pages\/1710\/revisions\/1726"}],"up":[{"embeddable":true,"href":"https:\/\/surfacelab.com.tr\/index.php\/wp-json\/wp\/v2\/pages\/1311"}],"wp:attachment":[{"href":"https:\/\/surfacelab.com.tr\/index.php\/wp-json\/wp\/v2\/media?parent=1710"}],"curies":[{"name":"wp","href":"https:\/\/api.w.org\/{rel}","templated":true}]}}