{"id":1705,"date":"2023-04-11T15:26:18","date_gmt":"2023-04-11T15:26:18","guid":{"rendered":"https:\/\/surfacelab.com.tr\/?page_id=1705"},"modified":"2023-05-23T13:27:27","modified_gmt":"2023-05-23T13:27:27","slug":"s-neox-five-axis","status":"publish","type":"page","link":"https:\/\/surfacelab.com.tr\/index.php\/urunler\/sensofar\/s-neox-five-axis\/","title":{"rendered":"S neox Five Axis"},"content":{"rendered":"<p style=\"text-align: center;\"><strong>SENSOFAR S neox Five Axis 3D Temass\u0131z Optik Profilometre<\/strong><\/p>\n<p><img loading=\"lazy\" decoding=\"async\" class=\"alignnone size-full wp-image-1620\" src=\"https:\/\/surfacelab.com.tr\/wp-content\/uploads\/2023\/04\/PH37-01W-S-neox-Five-Axis-user-4-scaled.jpg\" alt=\"\" width=\"2560\" height=\"1691\" srcset=\"https:\/\/surfacelab.com.tr\/wp-content\/uploads\/2023\/04\/PH37-01W-S-neox-Five-Axis-user-4-scaled.jpg 2560w, https:\/\/surfacelab.com.tr\/wp-content\/uploads\/2023\/04\/PH37-01W-S-neox-Five-Axis-user-4-300x198.jpg 300w, https:\/\/surfacelab.com.tr\/wp-content\/uploads\/2023\/04\/PH37-01W-S-neox-Five-Axis-user-4-1024x677.jpg 1024w, https:\/\/surfacelab.com.tr\/wp-content\/uploads\/2023\/04\/PH37-01W-S-neox-Five-Axis-user-4-768x507.jpg 768w, https:\/\/surfacelab.com.tr\/wp-content\/uploads\/2023\/04\/PH37-01W-S-neox-Five-Axis-user-4-1536x1015.jpg 1536w, https:\/\/surfacelab.com.tr\/wp-content\/uploads\/2023\/04\/PH37-01W-S-neox-Five-Axis-user-4-2048x1353.jpg 2048w, https:\/\/surfacelab.com.tr\/wp-content\/uploads\/2023\/04\/PH37-01W-S-neox-Five-Axis-user-4-350x230.jpg 350w, https:\/\/surfacelab.com.tr\/wp-content\/uploads\/2023\/04\/PH37-01W-S-neox-Five-Axis-user-4-850x562.jpg 850w\" sizes=\"auto, (max-width: 2560px) 100vw, 2560px\" \/><\/p>\n<p>S neox Be\u015f Eksenli 3D Optik profilometre, y\u00fcksek do\u011fruluklu bir d\u00f6ner mod\u00fcl\u00fc S neox 3D optik profil olu\u015fturucunun geli\u015fmi\u015f inceleme ve analiz yetenekleriyle birle\u015ftirir. Bu, tam bir 3D hacimsel \u00f6l\u00e7\u00fcm olu\u015fturmak i\u00e7in birle\u015ftirilebilen tan\u0131ml\u0131 konumlarda otomatik 3D y\u00fczey \u00f6l\u00e7\u00fcmlerini m\u00fcmk\u00fcn k\u0131lar.<\/p>\n<div class=\"foogallery foogallery-container foogallery-carousel foogallery-lightbox-foobox fg-carousel fg-light fg-border-thin fg-shadow-outline fg-loading-default fg-loaded-fade-in fg-caption-hover fg-hover-fade fg-hover-zoom fg-ready\" id=\"foogallery-gallery-1621\" data-foogallery=\"{&quot;item&quot;:{&quot;showCaptionTitle&quot;:true,&quot;showCaptionDescription&quot;:true},&quot;lazy&quot;:true,&quot;template&quot;:{&quot;maxItems&quot;:3,&quot;scale&quot;:0.11999999999999999555910790149937383830547332763671875,&quot;gutter&quot;:{&quot;min&quot;:-40,&quot;max&quot;:-20,&quot;unit&quot;:&quot;%&quot;},&quot;autoplay&quot;:{&quot;time&quot;:0,&quot;interaction&quot;:&quot;pause&quot;},&quot;centerOnClick&quot;:true}}\" >\r\n\t<button type=\"button\" class=\"fg-carousel-prev\"><\/button>\r\n\t<div class=\"fg-carousel-inner\">\r\n\t\t<div class=\"fg-carousel-center\"><\/div>\r\n\t\t<div class=\"fg-item fg-type-image fg-idle\"><figure class=\"fg-item-inner\"><a href=\"https:\/\/surfacelab.com.tr\/wp-content\/uploads\/2023\/04\/RE37-01W-perspective_FiveAxis_H105_3.png\" data-caption-desc=\"Perspective_FiveAxis\" data-attachment-id=\"1623\" class=\"fg-thumb\"><span class=\"fg-image-wrap\"><img decoding=\"async\" width=\"200\" height=\"200\" class=\"skip-lazy fg-image\" data-src-fg=\"https:\/\/surfacelab.com.tr\/wp-content\/uploads\/cache\/2023\/04\/RE37-01W-perspective_FiveAxis_H105_3\/2408854979.png\" src=\"data:image\/svg+xml,%3Csvg%20xmlns%3D%22http%3A%2F%2Fwww.w3.org%2F2000%2Fsvg%22%20width%3D%22200%22%20height%3D%22200%22%20viewBox%3D%220%200%20200%20200%22%3E%3C%2Fsvg%3E\" loading=\"eager\"><\/span><span class=\"fg-image-overlay\"><\/span><\/a><figcaption class=\"fg-caption\"><div class=\"fg-caption-inner\"><div class=\"fg-caption-desc\">Perspective_FiveAxis<\/div><\/div><\/figcaption><\/figure><div class=\"fg-loader\"><\/div><\/div><div class=\"fg-item fg-type-image fg-idle\"><figure class=\"fg-item-inner\"><a href=\"https:\/\/surfacelab.com.tr\/wp-content\/uploads\/2023\/04\/RE37-01W-S-neox-090_Five-Axis_front.png\" data-caption-desc=\"S neox 090_Five Axis_front\" data-attachment-id=\"1624\" class=\"fg-thumb\"><span class=\"fg-image-wrap\"><img decoding=\"async\" width=\"200\" height=\"200\" class=\"skip-lazy fg-image\" data-src-fg=\"https:\/\/surfacelab.com.tr\/wp-content\/uploads\/cache\/2023\/04\/RE37-01W-S-neox-090_Five-Axis_front\/2654422590.png\" src=\"data:image\/svg+xml,%3Csvg%20xmlns%3D%22http%3A%2F%2Fwww.w3.org%2F2000%2Fsvg%22%20width%3D%22200%22%20height%3D%22200%22%20viewBox%3D%220%200%20200%20200%22%3E%3C%2Fsvg%3E\" loading=\"eager\"><\/span><span class=\"fg-image-overlay\"><\/span><\/a><figcaption class=\"fg-caption\"><div class=\"fg-caption-inner\"><div class=\"fg-caption-desc\">S neox 090_Five Axis_front<\/div><\/div><\/figcaption><\/figure><div class=\"fg-loader\"><\/div><\/div><div class=\"fg-item fg-type-image fg-idle\"><figure class=\"fg-item-inner\"><a href=\"https:\/\/surfacelab.com.tr\/wp-content\/uploads\/2023\/04\/PH37-01W-S-neox-Five-Axis-user-4-scaled.jpg\" data-caption-desc=\"S neox Five Axis\" data-attachment-id=\"1620\" class=\"fg-thumb\"><span class=\"fg-image-wrap\"><img decoding=\"async\" width=\"200\" height=\"200\" class=\"skip-lazy fg-image\" data-src-fg=\"https:\/\/surfacelab.com.tr\/wp-content\/uploads\/cache\/2023\/04\/PH37-01W-S-neox-Five-Axis-user-4-scaled\/4221353354.jpg\" src=\"data:image\/svg+xml,%3Csvg%20xmlns%3D%22http%3A%2F%2Fwww.w3.org%2F2000%2Fsvg%22%20width%3D%22200%22%20height%3D%22200%22%20viewBox%3D%220%200%20200%20200%22%3E%3C%2Fsvg%3E\" loading=\"eager\"><\/span><span class=\"fg-image-overlay\"><\/span><\/a><figcaption class=\"fg-caption\"><div class=\"fg-caption-inner\"><div class=\"fg-caption-desc\">S neox Five Axis<\/div><\/div><\/figcaption><\/figure><div class=\"fg-loader\"><\/div><\/div>\t<\/div>\r\n\t<div class=\"fg-carousel-bottom\"><\/div>\r\n\t<div class=\"fg-carousel-progress\"><\/div>\r\n\t<button type=\"button\" class=\"fg-carousel-next\"><\/button>\r\n<\/div>\n","protected":false},"excerpt":{"rendered":"<p>SENSOFAR S neox Five Axis 3D Temass\u0131z Optik Profilometre S neox Be\u015f Eksenli 3D Optik profilometre, y\u00fcksek do\u011fruluklu bir d\u00f6ner mod\u00fcl\u00fc S neox 3D optik profil olu\u015fturucunun geli\u015fmi\u015f inceleme ve analiz yetenekleriyle birle\u015ftirir. Bu, tam bir 3D hacimsel \u00f6l\u00e7\u00fcm olu\u015fturmak i\u00e7in birle\u015ftirilebilen tan\u0131ml\u0131 konumlarda otomatik 3D y\u00fczey \u00f6l\u00e7\u00fcmlerini m\u00fcmk\u00fcn k\u0131lar.<\/p>\n","protected":false},"author":1,"featured_media":0,"parent":1311,"menu_order":0,"comment_status":"closed","ping_status":"closed","template":"","meta":{"om_disable_all_campaigns":false,"_mi_skip_tracking":false,"_monsterinsights_sitenote_active":false,"_monsterinsights_sitenote_note":"","_monsterinsights_sitenote_category":0,"footnotes":""},"class_list":["post-1705","page","type-page","status-publish","hentry"],"aioseo_notices":[],"yoast_head":"<!-- This site is optimized with the Yoast SEO plugin v21.1 - https:\/\/yoast.com\/wordpress\/plugins\/seo\/ -->\n<title>S neox Five Axis - SURFACE LAB.<\/title>\n<meta name=\"robots\" content=\"index, follow, max-snippet:-1, max-image-preview:large, max-video-preview:-1\" \/>\n<link rel=\"canonical\" href=\"https:\/\/surfacelab.com.tr\/index.php\/urunler\/sensofar\/s-neox-five-axis\/\" \/>\n<meta property=\"og:locale\" content=\"tr_TR\" \/>\n<meta property=\"og:type\" content=\"article\" \/>\n<meta property=\"og:title\" content=\"S neox Five Axis - SURFACE LAB.\" \/>\n<meta property=\"og:description\" content=\"SENSOFAR S neox Five Axis 3D Temass\u0131z Optik Profilometre S neox Be\u015f Eksenli 3D Optik profilometre, y\u00fcksek do\u011fruluklu bir d\u00f6ner mod\u00fcl\u00fc S neox 3D optik profil olu\u015fturucunun geli\u015fmi\u015f inceleme ve analiz yetenekleriyle birle\u015ftirir. Bu, tam bir 3D hacimsel \u00f6l\u00e7\u00fcm olu\u015fturmak i\u00e7in birle\u015ftirilebilen tan\u0131ml\u0131 konumlarda otomatik 3D y\u00fczey \u00f6l\u00e7\u00fcmlerini m\u00fcmk\u00fcn k\u0131lar.\" \/>\n<meta property=\"og:url\" content=\"https:\/\/surfacelab.com.tr\/index.php\/urunler\/sensofar\/s-neox-five-axis\/\" \/>\n<meta property=\"og:site_name\" content=\"SURFACE LAB.\" \/>\n<meta property=\"article:modified_time\" content=\"2023-05-23T13:27:27+00:00\" \/>\n<meta property=\"og:image\" content=\"https:\/\/surfacelab.com.tr\/wp-content\/uploads\/2023\/04\/PH37-01W-S-neox-Five-Axis-user-4-scaled.jpg\" \/>\n<meta name=\"twitter:card\" content=\"summary_large_image\" \/>\n<script type=\"application\/ld+json\" class=\"yoast-schema-graph\">{\"@context\":\"https:\/\/schema.org\",\"@graph\":[{\"@type\":\"WebPage\",\"@id\":\"https:\/\/surfacelab.com.tr\/index.php\/urunler\/sensofar\/s-neox-five-axis\/\",\"url\":\"https:\/\/surfacelab.com.tr\/index.php\/urunler\/sensofar\/s-neox-five-axis\/\",\"name\":\"S neox Five Axis - SURFACE LAB.\",\"isPartOf\":{\"@id\":\"https:\/\/surfacelab.com.tr\/#website\"},\"datePublished\":\"2023-04-11T15:26:18+00:00\",\"dateModified\":\"2023-05-23T13:27:27+00:00\",\"breadcrumb\":{\"@id\":\"https:\/\/surfacelab.com.tr\/index.php\/urunler\/sensofar\/s-neox-five-axis\/#breadcrumb\"},\"inLanguage\":\"tr\",\"potentialAction\":[{\"@type\":\"ReadAction\",\"target\":[\"https:\/\/surfacelab.com.tr\/index.php\/urunler\/sensofar\/s-neox-five-axis\/\"]}]},{\"@type\":\"BreadcrumbList\",\"@id\":\"https:\/\/surfacelab.com.tr\/index.php\/urunler\/sensofar\/s-neox-five-axis\/#breadcrumb\",\"itemListElement\":[{\"@type\":\"ListItem\",\"position\":1,\"name\":\"Anasayfa\",\"item\":\"https:\/\/surfacelab.com.tr\/\"},{\"@type\":\"ListItem\",\"position\":2,\"name\":\"\u00dcR\u00dcNLER\",\"item\":\"https:\/\/surfacelab.com.tr\/index.php\/urunler\/\"},{\"@type\":\"ListItem\",\"position\":3,\"name\":\"SENSOFAR\",\"item\":\"https:\/\/surfacelab.com.tr\/index.php\/urunler\/sensofar\/\"},{\"@type\":\"ListItem\",\"position\":4,\"name\":\"S neox Five Axis\"}]},{\"@type\":\"WebSite\",\"@id\":\"https:\/\/surfacelab.com.tr\/#website\",\"url\":\"https:\/\/surfacelab.com.tr\/\",\"name\":\"SURFACE LAB.\",\"description\":\"\",\"publisher\":{\"@id\":\"https:\/\/surfacelab.com.tr\/#organization\"},\"potentialAction\":[{\"@type\":\"SearchAction\",\"target\":{\"@type\":\"EntryPoint\",\"urlTemplate\":\"https:\/\/surfacelab.com.tr\/?s={search_term_string}\"},\"query-input\":\"required name=search_term_string\"}],\"inLanguage\":\"tr\"},{\"@type\":\"Organization\",\"@id\":\"https:\/\/surfacelab.com.tr\/#organization\",\"name\":\"SURFACE LAB.\",\"url\":\"https:\/\/surfacelab.com.tr\/\",\"logo\":{\"@type\":\"ImageObject\",\"inLanguage\":\"tr\",\"@id\":\"https:\/\/surfacelab.com.tr\/#\/schema\/logo\/image\/\",\"url\":\"https:\/\/surfacelab.com.tr\/wp-content\/uploads\/2022\/07\/surfacelab-logo-son.png\",\"contentUrl\":\"https:\/\/surfacelab.com.tr\/wp-content\/uploads\/2022\/07\/surfacelab-logo-son.png\",\"width\":2705,\"height\":586,\"caption\":\"SURFACE LAB.\"},\"image\":{\"@id\":\"https:\/\/surfacelab.com.tr\/#\/schema\/logo\/image\/\"}}]}<\/script>\n<!-- \/ Yoast SEO plugin. -->","yoast_head_json":{"title":"S neox Five Axis - SURFACE LAB.","robots":{"index":"index","follow":"follow","max-snippet":"max-snippet:-1","max-image-preview":"max-image-preview:large","max-video-preview":"max-video-preview:-1"},"canonical":"https:\/\/surfacelab.com.tr\/index.php\/urunler\/sensofar\/s-neox-five-axis\/","og_locale":"tr_TR","og_type":"article","og_title":"S neox Five Axis - SURFACE LAB.","og_description":"SENSOFAR S neox Five Axis 3D Temass\u0131z Optik Profilometre S neox Be\u015f Eksenli 3D Optik profilometre, y\u00fcksek do\u011fruluklu bir d\u00f6ner mod\u00fcl\u00fc S neox 3D optik profil olu\u015fturucunun geli\u015fmi\u015f inceleme ve analiz yetenekleriyle birle\u015ftirir. Bu, tam bir 3D hacimsel \u00f6l\u00e7\u00fcm olu\u015fturmak i\u00e7in birle\u015ftirilebilen tan\u0131ml\u0131 konumlarda otomatik 3D y\u00fczey \u00f6l\u00e7\u00fcmlerini m\u00fcmk\u00fcn k\u0131lar.","og_url":"https:\/\/surfacelab.com.tr\/index.php\/urunler\/sensofar\/s-neox-five-axis\/","og_site_name":"SURFACE LAB.","article_modified_time":"2023-05-23T13:27:27+00:00","og_image":[{"url":"https:\/\/surfacelab.com.tr\/wp-content\/uploads\/2023\/04\/PH37-01W-S-neox-Five-Axis-user-4-scaled.jpg"}],"twitter_card":"summary_large_image","schema":{"@context":"https:\/\/schema.org","@graph":[{"@type":"WebPage","@id":"https:\/\/surfacelab.com.tr\/index.php\/urunler\/sensofar\/s-neox-five-axis\/","url":"https:\/\/surfacelab.com.tr\/index.php\/urunler\/sensofar\/s-neox-five-axis\/","name":"S neox Five Axis - SURFACE LAB.","isPartOf":{"@id":"https:\/\/surfacelab.com.tr\/#website"},"datePublished":"2023-04-11T15:26:18+00:00","dateModified":"2023-05-23T13:27:27+00:00","breadcrumb":{"@id":"https:\/\/surfacelab.com.tr\/index.php\/urunler\/sensofar\/s-neox-five-axis\/#breadcrumb"},"inLanguage":"tr","potentialAction":[{"@type":"ReadAction","target":["https:\/\/surfacelab.com.tr\/index.php\/urunler\/sensofar\/s-neox-five-axis\/"]}]},{"@type":"BreadcrumbList","@id":"https:\/\/surfacelab.com.tr\/index.php\/urunler\/sensofar\/s-neox-five-axis\/#breadcrumb","itemListElement":[{"@type":"ListItem","position":1,"name":"Anasayfa","item":"https:\/\/surfacelab.com.tr\/"},{"@type":"ListItem","position":2,"name":"\u00dcR\u00dcNLER","item":"https:\/\/surfacelab.com.tr\/index.php\/urunler\/"},{"@type":"ListItem","position":3,"name":"SENSOFAR","item":"https:\/\/surfacelab.com.tr\/index.php\/urunler\/sensofar\/"},{"@type":"ListItem","position":4,"name":"S neox Five Axis"}]},{"@type":"WebSite","@id":"https:\/\/surfacelab.com.tr\/#website","url":"https:\/\/surfacelab.com.tr\/","name":"SURFACE LAB.","description":"","publisher":{"@id":"https:\/\/surfacelab.com.tr\/#organization"},"potentialAction":[{"@type":"SearchAction","target":{"@type":"EntryPoint","urlTemplate":"https:\/\/surfacelab.com.tr\/?s={search_term_string}"},"query-input":"required name=search_term_string"}],"inLanguage":"tr"},{"@type":"Organization","@id":"https:\/\/surfacelab.com.tr\/#organization","name":"SURFACE LAB.","url":"https:\/\/surfacelab.com.tr\/","logo":{"@type":"ImageObject","inLanguage":"tr","@id":"https:\/\/surfacelab.com.tr\/#\/schema\/logo\/image\/","url":"https:\/\/surfacelab.com.tr\/wp-content\/uploads\/2022\/07\/surfacelab-logo-son.png","contentUrl":"https:\/\/surfacelab.com.tr\/wp-content\/uploads\/2022\/07\/surfacelab-logo-son.png","width":2705,"height":586,"caption":"SURFACE LAB."},"image":{"@id":"https:\/\/surfacelab.com.tr\/#\/schema\/logo\/image\/"}}]}},"_links":{"self":[{"href":"https:\/\/surfacelab.com.tr\/index.php\/wp-json\/wp\/v2\/pages\/1705","targetHints":{"allow":["GET"]}}],"collection":[{"href":"https:\/\/surfacelab.com.tr\/index.php\/wp-json\/wp\/v2\/pages"}],"about":[{"href":"https:\/\/surfacelab.com.tr\/index.php\/wp-json\/wp\/v2\/types\/page"}],"author":[{"embeddable":true,"href":"https:\/\/surfacelab.com.tr\/index.php\/wp-json\/wp\/v2\/users\/1"}],"replies":[{"embeddable":true,"href":"https:\/\/surfacelab.com.tr\/index.php\/wp-json\/wp\/v2\/comments?post=1705"}],"version-history":[{"count":2,"href":"https:\/\/surfacelab.com.tr\/index.php\/wp-json\/wp\/v2\/pages\/1705\/revisions"}],"predecessor-version":[{"id":1732,"href":"https:\/\/surfacelab.com.tr\/index.php\/wp-json\/wp\/v2\/pages\/1705\/revisions\/1732"}],"up":[{"embeddable":true,"href":"https:\/\/surfacelab.com.tr\/index.php\/wp-json\/wp\/v2\/pages\/1311"}],"wp:attachment":[{"href":"https:\/\/surfacelab.com.tr\/index.php\/wp-json\/wp\/v2\/media?parent=1705"}],"curies":[{"name":"wp","href":"https:\/\/api.w.org\/{rel}","templated":true}]}}