{"id":1700,"date":"2023-04-11T15:21:40","date_gmt":"2023-04-11T15:21:40","guid":{"rendered":"https:\/\/surfacelab.com.tr\/?page_id=1700"},"modified":"2023-05-23T13:28:25","modified_gmt":"2023-05-23T13:28:25","slug":"s-wide","status":"publish","type":"page","link":"https:\/\/surfacelab.com.tr\/index.php\/urunler\/sensofar\/s-wide\/","title":{"rendered":"S wide"},"content":{"rendered":"<p style=\"text-align: center;\"><strong>SENSOFAR S wide 3D Temass\u0131z Optik Profilometre<\/strong><\/p>\n<p><img loading=\"lazy\" decoding=\"async\" class=\"alignnone size-full wp-image-1583 aligncenter\" src=\"https:\/\/surfacelab.com.tr\/wp-content\/uploads\/2023\/04\/RE10-01W-S-wide-complete-system.png\" alt=\"\" width=\"3652\" height=\"1485\" srcset=\"https:\/\/surfacelab.com.tr\/wp-content\/uploads\/2023\/04\/RE10-01W-S-wide-complete-system.png 3652w, https:\/\/surfacelab.com.tr\/wp-content\/uploads\/2023\/04\/RE10-01W-S-wide-complete-system-300x122.png 300w, https:\/\/surfacelab.com.tr\/wp-content\/uploads\/2023\/04\/RE10-01W-S-wide-complete-system-1024x416.png 1024w, https:\/\/surfacelab.com.tr\/wp-content\/uploads\/2023\/04\/RE10-01W-S-wide-complete-system-768x312.png 768w, https:\/\/surfacelab.com.tr\/wp-content\/uploads\/2023\/04\/RE10-01W-S-wide-complete-system-1536x625.png 1536w, https:\/\/surfacelab.com.tr\/wp-content\/uploads\/2023\/04\/RE10-01W-S-wide-complete-system-2048x833.png 2048w, https:\/\/surfacelab.com.tr\/wp-content\/uploads\/2023\/04\/RE10-01W-S-wide-complete-system-850x346.png 850w\" sizes=\"auto, (max-width: 3652px) 100vw, 3652px\" \/><\/p>\n<p>S wide, 300 x 300 mm&#8217;ye kadar b\u00fcy\u00fck numune alanlar\u0131n\u0131 h\u0131zla \u00f6l\u00e7mek i\u00e7in tasarlanm\u0131\u015f \u00f6zel bir sistemdir. Y\u00fcksek \u00e7\u00f6z\u00fcn\u00fcrl\u00fckl\u00fc bir \u00f6l\u00e7\u00fcm aletine entegre edilmi\u015f bir dijital mikroskobun t\u00fcm avantajlar\u0131n\u0131 sa\u011flar. Tek tu\u015fla edinme ile kullan\u0131m\u0131 son derece kolay.<\/p>\n<div class=\"foogallery foogallery-container foogallery-carousel foogallery-lightbox-foobox fg-carousel fg-light fg-border-thin fg-shadow-outline fg-loading-default fg-loaded-fade-in fg-caption-hover fg-hover-fade fg-hover-zoom fg-ready\" id=\"foogallery-gallery-1573\" data-foogallery=\"{&quot;item&quot;:{&quot;showCaptionTitle&quot;:true,&quot;showCaptionDescription&quot;:true},&quot;lazy&quot;:true,&quot;template&quot;:{&quot;maxItems&quot;:3,&quot;scale&quot;:0.11999999999999999555910790149937383830547332763671875,&quot;gutter&quot;:{&quot;min&quot;:-40,&quot;max&quot;:-20,&quot;unit&quot;:&quot;%&quot;},&quot;autoplay&quot;:{&quot;time&quot;:0,&quot;interaction&quot;:&quot;pause&quot;},&quot;centerOnClick&quot;:true}}\" >\r\n\t<button type=\"button\" class=\"fg-carousel-prev\"><\/button>\r\n\t<div class=\"fg-carousel-inner\">\r\n\t\t<div class=\"fg-carousel-center\"><\/div>\r\n\t\t<div class=\"fg-item fg-type-image fg-idle\"><figure class=\"fg-item-inner\"><a href=\"https:\/\/surfacelab.com.tr\/wp-content\/uploads\/2023\/04\/RE10-01W-S-wide-Topo.png\" data-caption-desc=\"RE10-01W-S wide &amp;amp; Topo\" data-attachment-id=\"1582\" class=\"fg-thumb\"><span class=\"fg-image-wrap\"><img decoding=\"async\" width=\"200\" height=\"200\" class=\"skip-lazy fg-image\" data-src-fg=\"https:\/\/surfacelab.com.tr\/wp-content\/uploads\/cache\/2023\/04\/RE10-01W-S-wide-Topo\/2176029134.png\" src=\"data:image\/svg+xml,%3Csvg%20xmlns%3D%22http%3A%2F%2Fwww.w3.org%2F2000%2Fsvg%22%20width%3D%22200%22%20height%3D%22200%22%20viewBox%3D%220%200%20200%20200%22%3E%3C%2Fsvg%3E\" loading=\"eager\"><\/span><span class=\"fg-image-overlay\"><\/span><\/a><figcaption class=\"fg-caption\"><div class=\"fg-caption-inner\"><div class=\"fg-caption-desc\">RE10-01W-S wide &amp; Topo<\/div><\/div><\/figcaption><\/figure><div class=\"fg-loader\"><\/div><\/div><div class=\"fg-item fg-type-image fg-idle\"><figure class=\"fg-item-inner\"><a href=\"https:\/\/surfacelab.com.tr\/wp-content\/uploads\/2023\/04\/RE10-01W-S-wide-prespective-L2.png\" data-caption-desc=\"RE10-01W-S wide prespective L2\" data-attachment-id=\"1584\" class=\"fg-thumb\"><span class=\"fg-image-wrap\"><img decoding=\"async\" width=\"200\" height=\"200\" class=\"skip-lazy fg-image\" data-src-fg=\"https:\/\/surfacelab.com.tr\/wp-content\/uploads\/cache\/2023\/04\/RE10-01W-S-wide-prespective-L2\/3929165310.png\" src=\"data:image\/svg+xml,%3Csvg%20xmlns%3D%22http%3A%2F%2Fwww.w3.org%2F2000%2Fsvg%22%20width%3D%22200%22%20height%3D%22200%22%20viewBox%3D%220%200%20200%20200%22%3E%3C%2Fsvg%3E\" loading=\"eager\"><\/span><span class=\"fg-image-overlay\"><\/span><\/a><figcaption class=\"fg-caption\"><div class=\"fg-caption-inner\"><div class=\"fg-caption-desc\">RE10-01W-S wide prespective L2<\/div><\/div><\/figcaption><\/figure><div class=\"fg-loader\"><\/div><\/div><div class=\"fg-item fg-type-image fg-idle\"><figure class=\"fg-item-inner\"><a href=\"https:\/\/surfacelab.com.tr\/wp-content\/uploads\/2023\/04\/Additive-manufacturing-3D-stack.png\" data-caption-desc=\"Additive manufacturing 3D stack\" data-attachment-id=\"1575\" class=\"fg-thumb\"><span class=\"fg-image-wrap\"><img decoding=\"async\" width=\"200\" height=\"200\" class=\"skip-lazy fg-image\" data-src-fg=\"https:\/\/surfacelab.com.tr\/wp-content\/uploads\/cache\/2023\/04\/Additive-manufacturing-3D-stack\/3053283578.png\" src=\"data:image\/svg+xml,%3Csvg%20xmlns%3D%22http%3A%2F%2Fwww.w3.org%2F2000%2Fsvg%22%20width%3D%22200%22%20height%3D%22200%22%20viewBox%3D%220%200%20200%20200%22%3E%3C%2Fsvg%3E\" loading=\"eager\"><\/span><span class=\"fg-image-overlay\"><\/span><\/a><figcaption class=\"fg-caption\"><div class=\"fg-caption-inner\"><div class=\"fg-caption-desc\">Additive manufacturing 3D stack<\/div><\/div><\/figcaption><\/figure><div class=\"fg-loader\"><\/div><\/div><div class=\"fg-item fg-type-image fg-idle\"><figure class=\"fg-item-inner\"><a href=\"https:\/\/surfacelab.com.tr\/wp-content\/uploads\/2023\/04\/Additive-manufacturing-3D-cad-comparison.png\" data-caption-desc=\"Additive manufacturing 3D cad comparison\" data-attachment-id=\"1574\" class=\"fg-thumb\"><span class=\"fg-image-wrap\"><img decoding=\"async\" width=\"200\" height=\"200\" class=\"skip-lazy fg-image\" data-src-fg=\"https:\/\/surfacelab.com.tr\/wp-content\/uploads\/cache\/2023\/04\/Additive-manufacturing-3D-cad-comparison\/1884019530.png\" src=\"data:image\/svg+xml,%3Csvg%20xmlns%3D%22http%3A%2F%2Fwww.w3.org%2F2000%2Fsvg%22%20width%3D%22200%22%20height%3D%22200%22%20viewBox%3D%220%200%20200%20200%22%3E%3C%2Fsvg%3E\" loading=\"eager\"><\/span><span class=\"fg-image-overlay\"><\/span><\/a><figcaption class=\"fg-caption\"><div class=\"fg-caption-inner\"><div class=\"fg-caption-desc\">Additive manufacturing 3D cad comparison<\/div><\/div><\/figcaption><\/figure><div class=\"fg-loader\"><\/div><\/div><div class=\"fg-item fg-type-image fg-idle\"><figure class=\"fg-item-inner\"><a href=\"https:\/\/surfacelab.com.tr\/wp-content\/uploads\/2023\/04\/Calibration-specimen-3D-falsecolor-profile-A.png\" data-caption-desc=\"Calibration specimen 3D falsecolor profile A\" data-attachment-id=\"1576\" class=\"fg-thumb\"><span class=\"fg-image-wrap\"><img decoding=\"async\" width=\"200\" height=\"200\" class=\"skip-lazy fg-image\" data-src-fg=\"https:\/\/surfacelab.com.tr\/wp-content\/uploads\/cache\/2023\/04\/Calibration-specimen-3D-falsecolor-profile-A\/2432806150.png\" src=\"data:image\/svg+xml,%3Csvg%20xmlns%3D%22http%3A%2F%2Fwww.w3.org%2F2000%2Fsvg%22%20width%3D%22200%22%20height%3D%22200%22%20viewBox%3D%220%200%20200%20200%22%3E%3C%2Fsvg%3E\" loading=\"eager\"><\/span><span class=\"fg-image-overlay\"><\/span><\/a><figcaption class=\"fg-caption\"><div class=\"fg-caption-inner\"><div class=\"fg-caption-desc\">Calibration specimen 3D falsecolor profile A<\/div><\/div><\/figcaption><\/figure><div class=\"fg-loader\"><\/div><\/div><div class=\"fg-item fg-type-image fg-idle\"><figure class=\"fg-item-inner\"><a href=\"https:\/\/surfacelab.com.tr\/wp-content\/uploads\/2023\/04\/Calibration-specimen-3D-falsecolor-profile-B.png\" data-caption-desc=\"Calibration specimen 3D falsecolor profile B\" data-attachment-id=\"1577\" class=\"fg-thumb\"><span class=\"fg-image-wrap\"><img decoding=\"async\" width=\"200\" height=\"200\" class=\"skip-lazy fg-image\" data-src-fg=\"https:\/\/surfacelab.com.tr\/wp-content\/uploads\/cache\/2023\/04\/Calibration-specimen-3D-falsecolor-profile-B\/1896493882.png\" src=\"data:image\/svg+xml,%3Csvg%20xmlns%3D%22http%3A%2F%2Fwww.w3.org%2F2000%2Fsvg%22%20width%3D%22200%22%20height%3D%22200%22%20viewBox%3D%220%200%20200%20200%22%3E%3C%2Fsvg%3E\" loading=\"eager\"><\/span><span class=\"fg-image-overlay\"><\/span><\/a><figcaption class=\"fg-caption\"><div class=\"fg-caption-inner\"><div class=\"fg-caption-desc\">Calibration specimen 3D falsecolor profile B<\/div><\/div><\/figcaption><\/figure><div class=\"fg-loader\"><\/div><\/div><div class=\"fg-item fg-type-image fg-idle\"><figure class=\"fg-item-inner\"><a href=\"https:\/\/surfacelab.com.tr\/wp-content\/uploads\/2023\/04\/Chip-3D-stack-detail.png\" data-caption-desc=\"Chip 3D stack detail\" data-attachment-id=\"1578\" class=\"fg-thumb\"><span class=\"fg-image-wrap\"><img decoding=\"async\" width=\"200\" height=\"200\" class=\"skip-lazy fg-image\" data-src-fg=\"https:\/\/surfacelab.com.tr\/wp-content\/uploads\/cache\/2023\/04\/Chip-3D-stack-detail\/2058805867.png\" src=\"data:image\/svg+xml,%3Csvg%20xmlns%3D%22http%3A%2F%2Fwww.w3.org%2F2000%2Fsvg%22%20width%3D%22200%22%20height%3D%22200%22%20viewBox%3D%220%200%20200%20200%22%3E%3C%2Fsvg%3E\" loading=\"eager\"><\/span><span class=\"fg-image-overlay\"><\/span><\/a><figcaption class=\"fg-caption\"><div class=\"fg-caption-inner\"><div class=\"fg-caption-desc\">Chip 3D stack detail<\/div><\/div><\/figcaption><\/figure><div class=\"fg-loader\"><\/div><\/div><div class=\"fg-item fg-type-image fg-idle\"><figure class=\"fg-item-inner\"><a href=\"https:\/\/surfacelab.com.tr\/wp-content\/uploads\/2023\/04\/Denture-3D-stack.png\" data-caption-desc=\"Denture 3D stack\" data-attachment-id=\"1579\" class=\"fg-thumb\"><span class=\"fg-image-wrap\"><img decoding=\"async\" width=\"200\" height=\"200\" class=\"skip-lazy fg-image\" data-src-fg=\"https:\/\/surfacelab.com.tr\/wp-content\/uploads\/cache\/2023\/04\/Denture-3D-stack\/633840376.png\" src=\"data:image\/svg+xml,%3Csvg%20xmlns%3D%22http%3A%2F%2Fwww.w3.org%2F2000%2Fsvg%22%20width%3D%22200%22%20height%3D%22200%22%20viewBox%3D%220%200%20200%20200%22%3E%3C%2Fsvg%3E\" loading=\"eager\"><\/span><span class=\"fg-image-overlay\"><\/span><\/a><figcaption class=\"fg-caption\"><div class=\"fg-caption-inner\"><div class=\"fg-caption-desc\">Denture 3D stack<\/div><\/div><\/figcaption><\/figure><div class=\"fg-loader\"><\/div><\/div><div class=\"fg-item fg-type-image fg-idle\"><figure class=\"fg-item-inner\"><a href=\"https:\/\/surfacelab.com.tr\/wp-content\/uploads\/2023\/04\/Lens-3D-stack.png\" data-caption-desc=\"Lens 3D stack\" data-attachment-id=\"1580\" class=\"fg-thumb\"><span class=\"fg-image-wrap\"><img decoding=\"async\" width=\"200\" height=\"200\" class=\"skip-lazy fg-image\" data-src-fg=\"https:\/\/surfacelab.com.tr\/wp-content\/uploads\/cache\/2023\/04\/Lens-3D-stack\/1268567328.png\" src=\"data:image\/svg+xml,%3Csvg%20xmlns%3D%22http%3A%2F%2Fwww.w3.org%2F2000%2Fsvg%22%20width%3D%22200%22%20height%3D%22200%22%20viewBox%3D%220%200%20200%20200%22%3E%3C%2Fsvg%3E\" loading=\"eager\"><\/span><span class=\"fg-image-overlay\"><\/span><\/a><figcaption class=\"fg-caption\"><div class=\"fg-caption-inner\"><div class=\"fg-caption-desc\">Lens 3D stack<\/div><\/div><\/figcaption><\/figure><div class=\"fg-loader\"><\/div><\/div><div class=\"fg-item fg-type-image fg-idle\"><figure class=\"fg-item-inner\"><a href=\"https:\/\/surfacelab.com.tr\/wp-content\/uploads\/2023\/04\/PCB-3D-stack-detail-profile.png\" data-caption-desc=\"PCB 3D stack detail profile\" data-attachment-id=\"1581\" class=\"fg-thumb\"><span class=\"fg-image-wrap\"><img decoding=\"async\" width=\"200\" height=\"200\" class=\"skip-lazy fg-image\" data-src-fg=\"https:\/\/surfacelab.com.tr\/wp-content\/uploads\/cache\/2023\/04\/PCB-3D-stack-detail-profile\/2183472343.png\" src=\"data:image\/svg+xml,%3Csvg%20xmlns%3D%22http%3A%2F%2Fwww.w3.org%2F2000%2Fsvg%22%20width%3D%22200%22%20height%3D%22200%22%20viewBox%3D%220%200%20200%20200%22%3E%3C%2Fsvg%3E\" loading=\"eager\"><\/span><span class=\"fg-image-overlay\"><\/span><\/a><figcaption class=\"fg-caption\"><div class=\"fg-caption-inner\"><div class=\"fg-caption-desc\">PCB 3D stack detail profile<\/div><\/div><\/figcaption><\/figure><div class=\"fg-loader\"><\/div><\/div><div class=\"fg-item fg-type-image fg-idle\"><figure class=\"fg-item-inner\"><a href=\"https:\/\/surfacelab.com.tr\/wp-content\/uploads\/2023\/04\/Rock-3D-color.png\" data-caption-desc=\"Rock 3D color\" data-attachment-id=\"1585\" class=\"fg-thumb\"><span class=\"fg-image-wrap\"><img decoding=\"async\" width=\"200\" height=\"200\" class=\"skip-lazy fg-image\" data-src-fg=\"https:\/\/surfacelab.com.tr\/wp-content\/uploads\/cache\/2023\/04\/Rock-3D-color\/652929309.png\" src=\"data:image\/svg+xml,%3Csvg%20xmlns%3D%22http%3A%2F%2Fwww.w3.org%2F2000%2Fsvg%22%20width%3D%22200%22%20height%3D%22200%22%20viewBox%3D%220%200%20200%20200%22%3E%3C%2Fsvg%3E\" loading=\"eager\"><\/span><span class=\"fg-image-overlay\"><\/span><\/a><figcaption class=\"fg-caption\"><div class=\"fg-caption-inner\"><div class=\"fg-caption-desc\">Rock 3D color<\/div><\/div><\/figcaption><\/figure><div class=\"fg-loader\"><\/div><\/div><div class=\"fg-item fg-type-image fg-idle\"><figure class=\"fg-item-inner\"><a href=\"https:\/\/surfacelab.com.tr\/wp-content\/uploads\/2023\/04\/Rock-3D-stack.png\" data-caption-desc=\"Rock 3D stack\" data-attachment-id=\"1586\" class=\"fg-thumb\"><span class=\"fg-image-wrap\"><img decoding=\"async\" width=\"200\" height=\"200\" class=\"skip-lazy fg-image\" data-src-fg=\"https:\/\/surfacelab.com.tr\/wp-content\/uploads\/cache\/2023\/04\/Rock-3D-stack\/3738764166.png\" src=\"data:image\/svg+xml,%3Csvg%20xmlns%3D%22http%3A%2F%2Fwww.w3.org%2F2000%2Fsvg%22%20width%3D%22200%22%20height%3D%22200%22%20viewBox%3D%220%200%20200%20200%22%3E%3C%2Fsvg%3E\" loading=\"eager\"><\/span><span class=\"fg-image-overlay\"><\/span><\/a><figcaption class=\"fg-caption\"><div class=\"fg-caption-inner\"><div class=\"fg-caption-desc\">Rock 3D stack<\/div><\/div><\/figcaption><\/figure><div class=\"fg-loader\"><\/div><\/div>\t<\/div>\r\n\t<div class=\"fg-carousel-bottom\"><\/div>\r\n\t<div class=\"fg-carousel-progress\"><\/div>\r\n\t<button type=\"button\" class=\"fg-carousel-next\"><\/button>\r\n<\/div>\n","protected":false},"excerpt":{"rendered":"<p>SENSOFAR S wide 3D Temass\u0131z Optik Profilometre S wide, 300 x 300 mm&#8217;ye kadar b\u00fcy\u00fck numune alanlar\u0131n\u0131 h\u0131zla \u00f6l\u00e7mek i\u00e7in tasarlanm\u0131\u015f \u00f6zel bir sistemdir. Y\u00fcksek \u00e7\u00f6z\u00fcn\u00fcrl\u00fckl\u00fc bir \u00f6l\u00e7\u00fcm aletine entegre edilmi\u015f bir dijital mikroskobun t\u00fcm avantajlar\u0131n\u0131 sa\u011flar. Tek tu\u015fla edinme ile kullan\u0131m\u0131 son derece kolay.<\/p>\n","protected":false},"author":1,"featured_media":0,"parent":1311,"menu_order":0,"comment_status":"closed","ping_status":"closed","template":"","meta":{"om_disable_all_campaigns":false,"_mi_skip_tracking":false,"_monsterinsights_sitenote_active":false,"_monsterinsights_sitenote_note":"","_monsterinsights_sitenote_category":0,"footnotes":""},"class_list":["post-1700","page","type-page","status-publish","hentry"],"aioseo_notices":[],"yoast_head":"<!-- This site is optimized with the Yoast SEO plugin v21.1 - https:\/\/yoast.com\/wordpress\/plugins\/seo\/ -->\n<title>S wide - SURFACE LAB.<\/title>\n<meta name=\"robots\" content=\"index, follow, max-snippet:-1, max-image-preview:large, max-video-preview:-1\" \/>\n<link rel=\"canonical\" href=\"https:\/\/surfacelab.com.tr\/index.php\/urunler\/sensofar\/s-wide\/\" \/>\n<meta property=\"og:locale\" content=\"tr_TR\" \/>\n<meta property=\"og:type\" content=\"article\" \/>\n<meta property=\"og:title\" content=\"S wide - SURFACE LAB.\" \/>\n<meta property=\"og:description\" content=\"SENSOFAR S wide 3D Temass\u0131z Optik Profilometre S wide, 300 x 300 mm&#8217;ye kadar b\u00fcy\u00fck numune alanlar\u0131n\u0131 h\u0131zla \u00f6l\u00e7mek i\u00e7in tasarlanm\u0131\u015f \u00f6zel bir sistemdir. Y\u00fcksek \u00e7\u00f6z\u00fcn\u00fcrl\u00fckl\u00fc bir \u00f6l\u00e7\u00fcm aletine entegre edilmi\u015f bir dijital mikroskobun t\u00fcm avantajlar\u0131n\u0131 sa\u011flar. Tek tu\u015fla edinme ile kullan\u0131m\u0131 son derece kolay.\" \/>\n<meta property=\"og:url\" content=\"https:\/\/surfacelab.com.tr\/index.php\/urunler\/sensofar\/s-wide\/\" \/>\n<meta property=\"og:site_name\" content=\"SURFACE LAB.\" \/>\n<meta property=\"article:modified_time\" content=\"2023-05-23T13:28:25+00:00\" \/>\n<meta property=\"og:image\" content=\"https:\/\/surfacelab.com.tr\/wp-content\/uploads\/2023\/04\/RE10-01W-S-wide-complete-system.png\" \/>\n<meta name=\"twitter:card\" content=\"summary_large_image\" \/>\n<script type=\"application\/ld+json\" class=\"yoast-schema-graph\">{\"@context\":\"https:\/\/schema.org\",\"@graph\":[{\"@type\":\"WebPage\",\"@id\":\"https:\/\/surfacelab.com.tr\/index.php\/urunler\/sensofar\/s-wide\/\",\"url\":\"https:\/\/surfacelab.com.tr\/index.php\/urunler\/sensofar\/s-wide\/\",\"name\":\"S wide - SURFACE LAB.\",\"isPartOf\":{\"@id\":\"https:\/\/surfacelab.com.tr\/#website\"},\"datePublished\":\"2023-04-11T15:21:40+00:00\",\"dateModified\":\"2023-05-23T13:28:25+00:00\",\"breadcrumb\":{\"@id\":\"https:\/\/surfacelab.com.tr\/index.php\/urunler\/sensofar\/s-wide\/#breadcrumb\"},\"inLanguage\":\"tr\",\"potentialAction\":[{\"@type\":\"ReadAction\",\"target\":[\"https:\/\/surfacelab.com.tr\/index.php\/urunler\/sensofar\/s-wide\/\"]}]},{\"@type\":\"BreadcrumbList\",\"@id\":\"https:\/\/surfacelab.com.tr\/index.php\/urunler\/sensofar\/s-wide\/#breadcrumb\",\"itemListElement\":[{\"@type\":\"ListItem\",\"position\":1,\"name\":\"Anasayfa\",\"item\":\"https:\/\/surfacelab.com.tr\/\"},{\"@type\":\"ListItem\",\"position\":2,\"name\":\"\u00dcR\u00dcNLER\",\"item\":\"https:\/\/surfacelab.com.tr\/index.php\/urunler\/\"},{\"@type\":\"ListItem\",\"position\":3,\"name\":\"SENSOFAR\",\"item\":\"https:\/\/surfacelab.com.tr\/index.php\/urunler\/sensofar\/\"},{\"@type\":\"ListItem\",\"position\":4,\"name\":\"S wide\"}]},{\"@type\":\"WebSite\",\"@id\":\"https:\/\/surfacelab.com.tr\/#website\",\"url\":\"https:\/\/surfacelab.com.tr\/\",\"name\":\"SURFACE LAB.\",\"description\":\"\",\"publisher\":{\"@id\":\"https:\/\/surfacelab.com.tr\/#organization\"},\"potentialAction\":[{\"@type\":\"SearchAction\",\"target\":{\"@type\":\"EntryPoint\",\"urlTemplate\":\"https:\/\/surfacelab.com.tr\/?s={search_term_string}\"},\"query-input\":\"required name=search_term_string\"}],\"inLanguage\":\"tr\"},{\"@type\":\"Organization\",\"@id\":\"https:\/\/surfacelab.com.tr\/#organization\",\"name\":\"SURFACE LAB.\",\"url\":\"https:\/\/surfacelab.com.tr\/\",\"logo\":{\"@type\":\"ImageObject\",\"inLanguage\":\"tr\",\"@id\":\"https:\/\/surfacelab.com.tr\/#\/schema\/logo\/image\/\",\"url\":\"https:\/\/surfacelab.com.tr\/wp-content\/uploads\/2022\/07\/surfacelab-logo-son.png\",\"contentUrl\":\"https:\/\/surfacelab.com.tr\/wp-content\/uploads\/2022\/07\/surfacelab-logo-son.png\",\"width\":2705,\"height\":586,\"caption\":\"SURFACE LAB.\"},\"image\":{\"@id\":\"https:\/\/surfacelab.com.tr\/#\/schema\/logo\/image\/\"}}]}<\/script>\n<!-- \/ Yoast SEO plugin. -->","yoast_head_json":{"title":"S wide - SURFACE LAB.","robots":{"index":"index","follow":"follow","max-snippet":"max-snippet:-1","max-image-preview":"max-image-preview:large","max-video-preview":"max-video-preview:-1"},"canonical":"https:\/\/surfacelab.com.tr\/index.php\/urunler\/sensofar\/s-wide\/","og_locale":"tr_TR","og_type":"article","og_title":"S wide - SURFACE LAB.","og_description":"SENSOFAR S wide 3D Temass\u0131z Optik Profilometre S wide, 300 x 300 mm&#8217;ye kadar b\u00fcy\u00fck numune alanlar\u0131n\u0131 h\u0131zla \u00f6l\u00e7mek i\u00e7in tasarlanm\u0131\u015f \u00f6zel bir sistemdir. Y\u00fcksek \u00e7\u00f6z\u00fcn\u00fcrl\u00fckl\u00fc bir \u00f6l\u00e7\u00fcm aletine entegre edilmi\u015f bir dijital mikroskobun t\u00fcm avantajlar\u0131n\u0131 sa\u011flar. Tek tu\u015fla edinme ile kullan\u0131m\u0131 son derece kolay.","og_url":"https:\/\/surfacelab.com.tr\/index.php\/urunler\/sensofar\/s-wide\/","og_site_name":"SURFACE LAB.","article_modified_time":"2023-05-23T13:28:25+00:00","og_image":[{"url":"https:\/\/surfacelab.com.tr\/wp-content\/uploads\/2023\/04\/RE10-01W-S-wide-complete-system.png"}],"twitter_card":"summary_large_image","schema":{"@context":"https:\/\/schema.org","@graph":[{"@type":"WebPage","@id":"https:\/\/surfacelab.com.tr\/index.php\/urunler\/sensofar\/s-wide\/","url":"https:\/\/surfacelab.com.tr\/index.php\/urunler\/sensofar\/s-wide\/","name":"S wide - SURFACE LAB.","isPartOf":{"@id":"https:\/\/surfacelab.com.tr\/#website"},"datePublished":"2023-04-11T15:21:40+00:00","dateModified":"2023-05-23T13:28:25+00:00","breadcrumb":{"@id":"https:\/\/surfacelab.com.tr\/index.php\/urunler\/sensofar\/s-wide\/#breadcrumb"},"inLanguage":"tr","potentialAction":[{"@type":"ReadAction","target":["https:\/\/surfacelab.com.tr\/index.php\/urunler\/sensofar\/s-wide\/"]}]},{"@type":"BreadcrumbList","@id":"https:\/\/surfacelab.com.tr\/index.php\/urunler\/sensofar\/s-wide\/#breadcrumb","itemListElement":[{"@type":"ListItem","position":1,"name":"Anasayfa","item":"https:\/\/surfacelab.com.tr\/"},{"@type":"ListItem","position":2,"name":"\u00dcR\u00dcNLER","item":"https:\/\/surfacelab.com.tr\/index.php\/urunler\/"},{"@type":"ListItem","position":3,"name":"SENSOFAR","item":"https:\/\/surfacelab.com.tr\/index.php\/urunler\/sensofar\/"},{"@type":"ListItem","position":4,"name":"S wide"}]},{"@type":"WebSite","@id":"https:\/\/surfacelab.com.tr\/#website","url":"https:\/\/surfacelab.com.tr\/","name":"SURFACE LAB.","description":"","publisher":{"@id":"https:\/\/surfacelab.com.tr\/#organization"},"potentialAction":[{"@type":"SearchAction","target":{"@type":"EntryPoint","urlTemplate":"https:\/\/surfacelab.com.tr\/?s={search_term_string}"},"query-input":"required name=search_term_string"}],"inLanguage":"tr"},{"@type":"Organization","@id":"https:\/\/surfacelab.com.tr\/#organization","name":"SURFACE LAB.","url":"https:\/\/surfacelab.com.tr\/","logo":{"@type":"ImageObject","inLanguage":"tr","@id":"https:\/\/surfacelab.com.tr\/#\/schema\/logo\/image\/","url":"https:\/\/surfacelab.com.tr\/wp-content\/uploads\/2022\/07\/surfacelab-logo-son.png","contentUrl":"https:\/\/surfacelab.com.tr\/wp-content\/uploads\/2022\/07\/surfacelab-logo-son.png","width":2705,"height":586,"caption":"SURFACE LAB."},"image":{"@id":"https:\/\/surfacelab.com.tr\/#\/schema\/logo\/image\/"}}]}},"_links":{"self":[{"href":"https:\/\/surfacelab.com.tr\/index.php\/wp-json\/wp\/v2\/pages\/1700","targetHints":{"allow":["GET"]}}],"collection":[{"href":"https:\/\/surfacelab.com.tr\/index.php\/wp-json\/wp\/v2\/pages"}],"about":[{"href":"https:\/\/surfacelab.com.tr\/index.php\/wp-json\/wp\/v2\/types\/page"}],"author":[{"embeddable":true,"href":"https:\/\/surfacelab.com.tr\/index.php\/wp-json\/wp\/v2\/users\/1"}],"replies":[{"embeddable":true,"href":"https:\/\/surfacelab.com.tr\/index.php\/wp-json\/wp\/v2\/comments?post=1700"}],"version-history":[{"count":4,"href":"https:\/\/surfacelab.com.tr\/index.php\/wp-json\/wp\/v2\/pages\/1700\/revisions"}],"predecessor-version":[{"id":1728,"href":"https:\/\/surfacelab.com.tr\/index.php\/wp-json\/wp\/v2\/pages\/1700\/revisions\/1728"}],"up":[{"embeddable":true,"href":"https:\/\/surfacelab.com.tr\/index.php\/wp-json\/wp\/v2\/pages\/1311"}],"wp:attachment":[{"href":"https:\/\/surfacelab.com.tr\/index.php\/wp-json\/wp\/v2\/media?parent=1700"}],"curies":[{"name":"wp","href":"https:\/\/api.w.org\/{rel}","templated":true}]}}