{"id":1695,"date":"2023-04-11T15:16:19","date_gmt":"2023-04-11T15:16:19","guid":{"rendered":"https:\/\/surfacelab.com.tr\/?page_id=1695"},"modified":"2023-05-23T13:26:19","modified_gmt":"2023-05-23T13:26:19","slug":"s-neox-clean-room","status":"publish","type":"page","link":"https:\/\/surfacelab.com.tr\/index.php\/urunler\/sensofar\/s-neox-clean-room\/","title":{"rendered":"S neox Clean Room"},"content":{"rendered":"<p style=\"text-align: center;\"><strong>SENSOFAR S neox Clean Room 3D Temass\u0131z Optik Profilometre<\/strong><\/p>\n<p><img loading=\"lazy\" decoding=\"async\" class=\"size-full wp-image-1647 aligncenter\" src=\"https:\/\/surfacelab.com.tr\/wp-content\/uploads\/2023\/04\/Brochure_home_S_neox_CR.png\" alt=\"\" width=\"633\" height=\"600\" srcset=\"https:\/\/surfacelab.com.tr\/wp-content\/uploads\/2023\/04\/Brochure_home_S_neox_CR.png 633w, https:\/\/surfacelab.com.tr\/wp-content\/uploads\/2023\/04\/Brochure_home_S_neox_CR-300x284.png 300w\" sizes=\"auto, (max-width: 633px) 100vw, 633px\" \/><\/p>\n<p>The S neox Cleanroom is an unprecedented technological milestone for Optical Metrology. It provides the highest versatility within production environments.<\/p>\n<p>4&#8217;\u00fc 1 arada teknolojisi ve 4 farkl\u0131 \u0131\u015f\u0131k kayna\u011f\u0131 ile de\u011fi\u015fen uygulama gereksinimlerine benzersiz uyum sa\u011flar.<br \/>\nISO S\u0131n\u0131f 1 ve ESD uyumlu olacak \u015fekilde dikkatlice tasarlanm\u0131\u015ft\u0131r.<br \/>\nS neox Temiz Oda, daha y\u00fcksek performans sa\u011flayan bir piezoelektrik Z motoru dahil etme se\u00e7ene\u011fine sahiptir. Ayr\u0131ca 50 nm&#8217;den 5 mm&#8217;ye kadar olan kal\u0131nl\u0131k \u00f6l\u00e7\u00fcmlerini de kapsar.<br \/>\nEkipman\u0131m\u0131z, \u00f6l\u00e7\u00fcm\u00fcn\u00fcz i\u00e7in en iyi al\u0131m ayar\u0131n\u0131 bulma i\u015flevine sahiptir: sadece numunenizin y\u00fczeyine odaklan\u0131n ve entegre edilebilir kafa gerisini halleder.<\/p>\n<div class=\"foogallery foogallery-container foogallery-carousel foogallery-lightbox-foobox fg-carousel fg-light fg-border-thin fg-shadow-outline fg-loading-default fg-loaded-fade-in fg-caption-hover fg-hover-fade fg-hover-zoom fg-ready\" id=\"foogallery-gallery-1648\" data-foogallery=\"{&quot;item&quot;:{&quot;showCaptionTitle&quot;:true,&quot;showCaptionDescription&quot;:true},&quot;lazy&quot;:true,&quot;template&quot;:{&quot;maxItems&quot;:3,&quot;scale&quot;:0.11999999999999999555910790149937383830547332763671875,&quot;gutter&quot;:{&quot;min&quot;:-40,&quot;max&quot;:-20,&quot;unit&quot;:&quot;%&quot;},&quot;autoplay&quot;:{&quot;time&quot;:0,&quot;interaction&quot;:&quot;pause&quot;},&quot;centerOnClick&quot;:true}}\" >\r\n\t<button type=\"button\" class=\"fg-carousel-prev\"><\/button>\r\n\t<div class=\"fg-carousel-inner\">\r\n\t\t<div class=\"fg-carousel-center\"><\/div>\r\n\t\t<div class=\"fg-item fg-type-image fg-idle\"><figure class=\"fg-item-inner\"><a href=\"https:\/\/surfacelab.com.tr\/wp-content\/uploads\/2023\/04\/Head-S-neox-Cleanroom.png\" data-caption-desc=\"Head-S neox Cleanroom\" data-attachment-id=\"1649\" class=\"fg-thumb\"><span class=\"fg-image-wrap\"><img decoding=\"async\" width=\"200\" height=\"200\" class=\"skip-lazy fg-image\" data-src-fg=\"https:\/\/surfacelab.com.tr\/wp-content\/uploads\/cache\/2023\/04\/Head-S-neox-Cleanroom\/2394144907.png\" src=\"data:image\/svg+xml,%3Csvg%20xmlns%3D%22http%3A%2F%2Fwww.w3.org%2F2000%2Fsvg%22%20width%3D%22200%22%20height%3D%22200%22%20viewBox%3D%220%200%20200%20200%22%3E%3C%2Fsvg%3E\" loading=\"eager\"><\/span><span class=\"fg-image-overlay\"><\/span><\/a><figcaption class=\"fg-caption\"><div class=\"fg-caption-inner\"><div class=\"fg-caption-desc\">Head-S neox Cleanroom<\/div><\/div><\/figcaption><\/figure><div class=\"fg-loader\"><\/div><\/div><div class=\"fg-item fg-type-image fg-idle\"><figure class=\"fg-item-inner\"><a href=\"https:\/\/surfacelab.com.tr\/wp-content\/uploads\/2023\/04\/launch-ih3.jpg\" data-caption-desc=\"launch-ih3\" data-attachment-id=\"1650\" class=\"fg-thumb\"><span class=\"fg-image-wrap\"><img decoding=\"async\" width=\"200\" height=\"200\" class=\"skip-lazy fg-image\" data-src-fg=\"https:\/\/surfacelab.com.tr\/wp-content\/uploads\/cache\/2023\/04\/launch-ih3\/1398984094.jpg\" src=\"data:image\/svg+xml,%3Csvg%20xmlns%3D%22http%3A%2F%2Fwww.w3.org%2F2000%2Fsvg%22%20width%3D%22200%22%20height%3D%22200%22%20viewBox%3D%220%200%20200%20200%22%3E%3C%2Fsvg%3E\" loading=\"eager\"><\/span><span class=\"fg-image-overlay\"><\/span><\/a><figcaption class=\"fg-caption\"><div class=\"fg-caption-inner\"><div class=\"fg-caption-desc\">launch-ih3<\/div><\/div><\/figcaption><\/figure><div class=\"fg-loader\"><\/div><\/div><div class=\"fg-item fg-type-image fg-idle\"><figure class=\"fg-item-inner\"><a href=\"https:\/\/surfacelab.com.tr\/wp-content\/uploads\/2023\/04\/S-neox-Cleanroom_info.png\" data-caption-desc=\"S neox Cleanroom_info\" data-attachment-id=\"1651\" class=\"fg-thumb\"><span class=\"fg-image-wrap\"><img decoding=\"async\" width=\"200\" height=\"200\" class=\"skip-lazy fg-image\" data-src-fg=\"https:\/\/surfacelab.com.tr\/wp-content\/uploads\/cache\/2023\/04\/S-neox-Cleanroom_info\/442271509.png\" src=\"data:image\/svg+xml,%3Csvg%20xmlns%3D%22http%3A%2F%2Fwww.w3.org%2F2000%2Fsvg%22%20width%3D%22200%22%20height%3D%22200%22%20viewBox%3D%220%200%20200%20200%22%3E%3C%2Fsvg%3E\" loading=\"eager\"><\/span><span class=\"fg-image-overlay\"><\/span><\/a><figcaption class=\"fg-caption\"><div class=\"fg-caption-inner\"><div class=\"fg-caption-desc\">S neox Cleanroom_info<\/div><\/div><\/figcaption><\/figure><div class=\"fg-loader\"><\/div><\/div><div class=\"fg-item fg-type-image fg-idle\"><figure class=\"fg-item-inner\"><a href=\"https:\/\/surfacelab.com.tr\/wp-content\/uploads\/2023\/04\/Topo-S-neox-CR.png\" data-caption-desc=\"Topo S neox CR\" data-attachment-id=\"1652\" class=\"fg-thumb\"><span class=\"fg-image-wrap\"><img decoding=\"async\" width=\"200\" height=\"200\" class=\"skip-lazy fg-image\" data-src-fg=\"https:\/\/surfacelab.com.tr\/wp-content\/uploads\/cache\/2023\/04\/Topo-S-neox-CR\/3293861972.png\" src=\"data:image\/svg+xml,%3Csvg%20xmlns%3D%22http%3A%2F%2Fwww.w3.org%2F2000%2Fsvg%22%20width%3D%22200%22%20height%3D%22200%22%20viewBox%3D%220%200%20200%20200%22%3E%3C%2Fsvg%3E\" loading=\"eager\"><\/span><span class=\"fg-image-overlay\"><\/span><\/a><figcaption class=\"fg-caption\"><div class=\"fg-caption-inner\"><div class=\"fg-caption-desc\">Topo S neox CR<\/div><\/div><\/figcaption><\/figure><div class=\"fg-loader\"><\/div><\/div>\t<\/div>\r\n\t<div class=\"fg-carousel-bottom\"><\/div>\r\n\t<div class=\"fg-carousel-progress\"><\/div>\r\n\t<button type=\"button\" class=\"fg-carousel-next\"><\/button>\r\n<\/div>\n","protected":false},"excerpt":{"rendered":"<p>SENSOFAR S neox Clean Room 3D Temass\u0131z Optik Profilometre The S neox Cleanroom is an unprecedented technological milestone for Optical Metrology. It provides the highest versatility within production environments. 4&#8217;\u00fc 1 arada teknolojisi ve 4 farkl\u0131 \u0131\u015f\u0131k kayna\u011f\u0131 ile de\u011fi\u015fen uygulama gereksinimlerine benzersiz uyum sa\u011flar. ISO S\u0131n\u0131f 1 ve ESD uyumlu olacak \u015fekilde dikkatlice tasarlanm\u0131\u015ft\u0131r&#8230;.<\/p>\n","protected":false},"author":1,"featured_media":0,"parent":1311,"menu_order":0,"comment_status":"closed","ping_status":"closed","template":"","meta":{"om_disable_all_campaigns":false,"_mi_skip_tracking":false,"_monsterinsights_sitenote_active":false,"_monsterinsights_sitenote_note":"","_monsterinsights_sitenote_category":0,"footnotes":""},"class_list":["post-1695","page","type-page","status-publish","hentry"],"aioseo_notices":[],"yoast_head":"<!-- This site is optimized with the Yoast SEO plugin v21.1 - https:\/\/yoast.com\/wordpress\/plugins\/seo\/ -->\n<title>S neox Clean Room - SURFACE LAB.<\/title>\n<meta name=\"robots\" content=\"index, follow, max-snippet:-1, max-image-preview:large, max-video-preview:-1\" \/>\n<link rel=\"canonical\" href=\"https:\/\/surfacelab.com.tr\/index.php\/urunler\/sensofar\/s-neox-clean-room\/\" \/>\n<meta property=\"og:locale\" content=\"tr_TR\" \/>\n<meta property=\"og:type\" content=\"article\" \/>\n<meta property=\"og:title\" content=\"S neox Clean Room - SURFACE LAB.\" \/>\n<meta property=\"og:description\" content=\"SENSOFAR S neox Clean Room 3D Temass\u0131z Optik Profilometre The S neox Cleanroom is an unprecedented technological milestone for Optical Metrology. It provides the highest versatility within production environments. 4&#8217;\u00fc 1 arada teknolojisi ve 4 farkl\u0131 \u0131\u015f\u0131k kayna\u011f\u0131 ile de\u011fi\u015fen uygulama gereksinimlerine benzersiz uyum sa\u011flar. ISO S\u0131n\u0131f 1 ve ESD uyumlu olacak \u015fekilde dikkatlice tasarlanm\u0131\u015ft\u0131r....\" \/>\n<meta property=\"og:url\" content=\"https:\/\/surfacelab.com.tr\/index.php\/urunler\/sensofar\/s-neox-clean-room\/\" \/>\n<meta property=\"og:site_name\" content=\"SURFACE LAB.\" \/>\n<meta property=\"article:modified_time\" content=\"2023-05-23T13:26:19+00:00\" \/>\n<meta property=\"og:image\" content=\"https:\/\/surfacelab.com.tr\/wp-content\/uploads\/2023\/04\/Brochure_home_S_neox_CR.png\" \/>\n<meta name=\"twitter:card\" content=\"summary_large_image\" \/>\n<meta name=\"twitter:label1\" content=\"Tahmini okuma s\u00fcresi\" \/>\n\t<meta name=\"twitter:data1\" content=\"1 dakika\" \/>\n<script type=\"application\/ld+json\" class=\"yoast-schema-graph\">{\"@context\":\"https:\/\/schema.org\",\"@graph\":[{\"@type\":\"WebPage\",\"@id\":\"https:\/\/surfacelab.com.tr\/index.php\/urunler\/sensofar\/s-neox-clean-room\/\",\"url\":\"https:\/\/surfacelab.com.tr\/index.php\/urunler\/sensofar\/s-neox-clean-room\/\",\"name\":\"S neox Clean Room - SURFACE LAB.\",\"isPartOf\":{\"@id\":\"https:\/\/surfacelab.com.tr\/#website\"},\"datePublished\":\"2023-04-11T15:16:19+00:00\",\"dateModified\":\"2023-05-23T13:26:19+00:00\",\"breadcrumb\":{\"@id\":\"https:\/\/surfacelab.com.tr\/index.php\/urunler\/sensofar\/s-neox-clean-room\/#breadcrumb\"},\"inLanguage\":\"tr\",\"potentialAction\":[{\"@type\":\"ReadAction\",\"target\":[\"https:\/\/surfacelab.com.tr\/index.php\/urunler\/sensofar\/s-neox-clean-room\/\"]}]},{\"@type\":\"BreadcrumbList\",\"@id\":\"https:\/\/surfacelab.com.tr\/index.php\/urunler\/sensofar\/s-neox-clean-room\/#breadcrumb\",\"itemListElement\":[{\"@type\":\"ListItem\",\"position\":1,\"name\":\"Anasayfa\",\"item\":\"https:\/\/surfacelab.com.tr\/\"},{\"@type\":\"ListItem\",\"position\":2,\"name\":\"\u00dcR\u00dcNLER\",\"item\":\"https:\/\/surfacelab.com.tr\/index.php\/urunler\/\"},{\"@type\":\"ListItem\",\"position\":3,\"name\":\"SENSOFAR\",\"item\":\"https:\/\/surfacelab.com.tr\/index.php\/urunler\/sensofar\/\"},{\"@type\":\"ListItem\",\"position\":4,\"name\":\"S neox Clean Room\"}]},{\"@type\":\"WebSite\",\"@id\":\"https:\/\/surfacelab.com.tr\/#website\",\"url\":\"https:\/\/surfacelab.com.tr\/\",\"name\":\"SURFACE LAB.\",\"description\":\"\",\"publisher\":{\"@id\":\"https:\/\/surfacelab.com.tr\/#organization\"},\"potentialAction\":[{\"@type\":\"SearchAction\",\"target\":{\"@type\":\"EntryPoint\",\"urlTemplate\":\"https:\/\/surfacelab.com.tr\/?s={search_term_string}\"},\"query-input\":\"required name=search_term_string\"}],\"inLanguage\":\"tr\"},{\"@type\":\"Organization\",\"@id\":\"https:\/\/surfacelab.com.tr\/#organization\",\"name\":\"SURFACE LAB.\",\"url\":\"https:\/\/surfacelab.com.tr\/\",\"logo\":{\"@type\":\"ImageObject\",\"inLanguage\":\"tr\",\"@id\":\"https:\/\/surfacelab.com.tr\/#\/schema\/logo\/image\/\",\"url\":\"https:\/\/surfacelab.com.tr\/wp-content\/uploads\/2022\/07\/surfacelab-logo-son.png\",\"contentUrl\":\"https:\/\/surfacelab.com.tr\/wp-content\/uploads\/2022\/07\/surfacelab-logo-son.png\",\"width\":2705,\"height\":586,\"caption\":\"SURFACE LAB.\"},\"image\":{\"@id\":\"https:\/\/surfacelab.com.tr\/#\/schema\/logo\/image\/\"}}]}<\/script>\n<!-- \/ Yoast SEO plugin. -->","yoast_head_json":{"title":"S neox Clean Room - SURFACE LAB.","robots":{"index":"index","follow":"follow","max-snippet":"max-snippet:-1","max-image-preview":"max-image-preview:large","max-video-preview":"max-video-preview:-1"},"canonical":"https:\/\/surfacelab.com.tr\/index.php\/urunler\/sensofar\/s-neox-clean-room\/","og_locale":"tr_TR","og_type":"article","og_title":"S neox Clean Room - SURFACE LAB.","og_description":"SENSOFAR S neox Clean Room 3D Temass\u0131z Optik Profilometre The S neox Cleanroom is an unprecedented technological milestone for Optical Metrology. It provides the highest versatility within production environments. 4&#8217;\u00fc 1 arada teknolojisi ve 4 farkl\u0131 \u0131\u015f\u0131k kayna\u011f\u0131 ile de\u011fi\u015fen uygulama gereksinimlerine benzersiz uyum sa\u011flar. ISO S\u0131n\u0131f 1 ve ESD uyumlu olacak \u015fekilde dikkatlice tasarlanm\u0131\u015ft\u0131r....","og_url":"https:\/\/surfacelab.com.tr\/index.php\/urunler\/sensofar\/s-neox-clean-room\/","og_site_name":"SURFACE LAB.","article_modified_time":"2023-05-23T13:26:19+00:00","og_image":[{"url":"https:\/\/surfacelab.com.tr\/wp-content\/uploads\/2023\/04\/Brochure_home_S_neox_CR.png"}],"twitter_card":"summary_large_image","twitter_misc":{"Tahmini okuma s\u00fcresi":"1 dakika"},"schema":{"@context":"https:\/\/schema.org","@graph":[{"@type":"WebPage","@id":"https:\/\/surfacelab.com.tr\/index.php\/urunler\/sensofar\/s-neox-clean-room\/","url":"https:\/\/surfacelab.com.tr\/index.php\/urunler\/sensofar\/s-neox-clean-room\/","name":"S neox Clean Room - SURFACE LAB.","isPartOf":{"@id":"https:\/\/surfacelab.com.tr\/#website"},"datePublished":"2023-04-11T15:16:19+00:00","dateModified":"2023-05-23T13:26:19+00:00","breadcrumb":{"@id":"https:\/\/surfacelab.com.tr\/index.php\/urunler\/sensofar\/s-neox-clean-room\/#breadcrumb"},"inLanguage":"tr","potentialAction":[{"@type":"ReadAction","target":["https:\/\/surfacelab.com.tr\/index.php\/urunler\/sensofar\/s-neox-clean-room\/"]}]},{"@type":"BreadcrumbList","@id":"https:\/\/surfacelab.com.tr\/index.php\/urunler\/sensofar\/s-neox-clean-room\/#breadcrumb","itemListElement":[{"@type":"ListItem","position":1,"name":"Anasayfa","item":"https:\/\/surfacelab.com.tr\/"},{"@type":"ListItem","position":2,"name":"\u00dcR\u00dcNLER","item":"https:\/\/surfacelab.com.tr\/index.php\/urunler\/"},{"@type":"ListItem","position":3,"name":"SENSOFAR","item":"https:\/\/surfacelab.com.tr\/index.php\/urunler\/sensofar\/"},{"@type":"ListItem","position":4,"name":"S neox Clean Room"}]},{"@type":"WebSite","@id":"https:\/\/surfacelab.com.tr\/#website","url":"https:\/\/surfacelab.com.tr\/","name":"SURFACE LAB.","description":"","publisher":{"@id":"https:\/\/surfacelab.com.tr\/#organization"},"potentialAction":[{"@type":"SearchAction","target":{"@type":"EntryPoint","urlTemplate":"https:\/\/surfacelab.com.tr\/?s={search_term_string}"},"query-input":"required name=search_term_string"}],"inLanguage":"tr"},{"@type":"Organization","@id":"https:\/\/surfacelab.com.tr\/#organization","name":"SURFACE LAB.","url":"https:\/\/surfacelab.com.tr\/","logo":{"@type":"ImageObject","inLanguage":"tr","@id":"https:\/\/surfacelab.com.tr\/#\/schema\/logo\/image\/","url":"https:\/\/surfacelab.com.tr\/wp-content\/uploads\/2022\/07\/surfacelab-logo-son.png","contentUrl":"https:\/\/surfacelab.com.tr\/wp-content\/uploads\/2022\/07\/surfacelab-logo-son.png","width":2705,"height":586,"caption":"SURFACE LAB."},"image":{"@id":"https:\/\/surfacelab.com.tr\/#\/schema\/logo\/image\/"}}]}},"_links":{"self":[{"href":"https:\/\/surfacelab.com.tr\/index.php\/wp-json\/wp\/v2\/pages\/1695","targetHints":{"allow":["GET"]}}],"collection":[{"href":"https:\/\/surfacelab.com.tr\/index.php\/wp-json\/wp\/v2\/pages"}],"about":[{"href":"https:\/\/surfacelab.com.tr\/index.php\/wp-json\/wp\/v2\/types\/page"}],"author":[{"embeddable":true,"href":"https:\/\/surfacelab.com.tr\/index.php\/wp-json\/wp\/v2\/users\/1"}],"replies":[{"embeddable":true,"href":"https:\/\/surfacelab.com.tr\/index.php\/wp-json\/wp\/v2\/comments?post=1695"}],"version-history":[{"count":2,"href":"https:\/\/surfacelab.com.tr\/index.php\/wp-json\/wp\/v2\/pages\/1695\/revisions"}],"predecessor-version":[{"id":1731,"href":"https:\/\/surfacelab.com.tr\/index.php\/wp-json\/wp\/v2\/pages\/1695\/revisions\/1731"}],"up":[{"embeddable":true,"href":"https:\/\/surfacelab.com.tr\/index.php\/wp-json\/wp\/v2\/pages\/1311"}],"wp:attachment":[{"href":"https:\/\/surfacelab.com.tr\/index.php\/wp-json\/wp\/v2\/media?parent=1695"}],"curies":[{"name":"wp","href":"https:\/\/api.w.org\/{rel}","templated":true}]}}