{"id":1655,"date":"2023-04-10T21:40:07","date_gmt":"2023-04-10T21:40:07","guid":{"rendered":"https:\/\/surfacelab.com.tr\/?page_id=1655"},"modified":"2023-05-23T13:24:56","modified_gmt":"2023-05-23T13:24:56","slug":"s-mart-2","status":"publish","type":"page","link":"https:\/\/surfacelab.com.tr\/index.php\/urunler\/sensofar\/s-mart-2\/","title":{"rendered":"S mart 2"},"content":{"rendered":"<p style=\"text-align: center;\"><strong>SENSOFAR S mart 2 Temass\u0131z 3D Optik Profilometre<\/strong><\/p>\n<p><img loading=\"lazy\" decoding=\"async\" class=\"size-full wp-image-1656 aligncenter\" src=\"https:\/\/surfacelab.com.tr\/wp-content\/uploads\/2023\/04\/launch-ih2.jpg\" alt=\"\" width=\"760\" height=\"500\" srcset=\"https:\/\/surfacelab.com.tr\/wp-content\/uploads\/2023\/04\/launch-ih2.jpg 760w, https:\/\/surfacelab.com.tr\/wp-content\/uploads\/2023\/04\/launch-ih2-300x197.jpg 300w, https:\/\/surfacelab.com.tr\/wp-content\/uploads\/2023\/04\/launch-ih2-350x230.jpg 350w\" sizes=\"auto, (max-width: 760px) 100vw, 760px\" \/><\/p>\n<p>S mart 2, piyasadaki tek otonom alan konfokal profilometredir. G\u00fc\u00e7l\u00fc \u00f6zellikleri ve kompakt tasar\u0131m\u0131, onu optik alanda bir at\u0131l\u0131m haline getiriyor.<\/p>\n<div class=\"foogallery foogallery-container foogallery-carousel foogallery-lightbox-foobox fg-carousel fg-light fg-border-thin fg-shadow-outline fg-loading-default fg-loaded-fade-in fg-caption-hover fg-hover-fade fg-hover-zoom fg-ready\" id=\"foogallery-gallery-1657\" data-foogallery=\"{&quot;item&quot;:{&quot;showCaptionTitle&quot;:true,&quot;showCaptionDescription&quot;:true},&quot;lazy&quot;:true,&quot;template&quot;:{&quot;maxItems&quot;:3,&quot;scale&quot;:0.11999999999999999555910790149937383830547332763671875,&quot;gutter&quot;:{&quot;min&quot;:-40,&quot;max&quot;:-20,&quot;unit&quot;:&quot;%&quot;},&quot;autoplay&quot;:{&quot;time&quot;:0,&quot;interaction&quot;:&quot;pause&quot;},&quot;centerOnClick&quot;:true}}\" >\r\n\t<button type=\"button\" class=\"fg-carousel-prev\"><\/button>\r\n\t<div class=\"fg-carousel-inner\">\r\n\t\t<div class=\"fg-carousel-center\"><\/div>\r\n\t\t<div class=\"fg-item fg-type-image fg-idle\"><figure class=\"fg-item-inner\"><a href=\"https:\/\/surfacelab.com.tr\/wp-content\/uploads\/2023\/04\/S-mart-2-Confocal.png\" data-caption-desc=\"S mart 2 - Confocal\" data-attachment-id=\"1658\" class=\"fg-thumb\"><span class=\"fg-image-wrap\"><img decoding=\"async\" width=\"200\" height=\"200\" class=\"skip-lazy fg-image\" data-src-fg=\"https:\/\/surfacelab.com.tr\/wp-content\/uploads\/cache\/2023\/04\/S-mart-2-Confocal\/2508576866.png\" src=\"data:image\/svg+xml,%3Csvg%20xmlns%3D%22http%3A%2F%2Fwww.w3.org%2F2000%2Fsvg%22%20width%3D%22200%22%20height%3D%22200%22%20viewBox%3D%220%200%20200%20200%22%3E%3C%2Fsvg%3E\" loading=\"eager\"><\/span><span class=\"fg-image-overlay\"><\/span><\/a><figcaption class=\"fg-caption\"><div class=\"fg-caption-inner\"><div class=\"fg-caption-desc\">S mart 2 - Confocal<\/div><\/div><\/figcaption><\/figure><div class=\"fg-loader\"><\/div><\/div><div class=\"fg-item fg-type-image fg-idle\"><figure class=\"fg-item-inner\"><a href=\"https:\/\/surfacelab.com.tr\/wp-content\/uploads\/2023\/04\/S-mart-2-Frontal-view.png\" data-caption-desc=\"S mart 2 - Frontal view\" data-attachment-id=\"1659\" class=\"fg-thumb\"><span class=\"fg-image-wrap\"><img decoding=\"async\" width=\"200\" height=\"200\" class=\"skip-lazy fg-image\" data-src-fg=\"https:\/\/surfacelab.com.tr\/wp-content\/uploads\/cache\/2023\/04\/S-mart-2-Frontal-view\/1250244445.png\" src=\"data:image\/svg+xml,%3Csvg%20xmlns%3D%22http%3A%2F%2Fwww.w3.org%2F2000%2Fsvg%22%20width%3D%22200%22%20height%3D%22200%22%20viewBox%3D%220%200%20200%20200%22%3E%3C%2Fsvg%3E\" loading=\"eager\"><\/span><span class=\"fg-image-overlay\"><\/span><\/a><figcaption class=\"fg-caption\"><div class=\"fg-caption-inner\"><div class=\"fg-caption-desc\">S mart 2 - Frontal view<\/div><\/div><\/figcaption><\/figure><div class=\"fg-loader\"><\/div><\/div><div class=\"fg-item fg-type-image fg-idle\"><figure class=\"fg-item-inner\"><a href=\"https:\/\/surfacelab.com.tr\/wp-content\/uploads\/2023\/04\/S-mart-2-Interferometry.png\" data-caption-desc=\"S mart 2 - Interferometry\" data-attachment-id=\"1660\" class=\"fg-thumb\"><span class=\"fg-image-wrap\"><img decoding=\"async\" width=\"200\" height=\"200\" class=\"skip-lazy fg-image\" data-src-fg=\"https:\/\/surfacelab.com.tr\/wp-content\/uploads\/cache\/2023\/04\/S-mart-2-Interferometry\/3927632595.png\" src=\"data:image\/svg+xml,%3Csvg%20xmlns%3D%22http%3A%2F%2Fwww.w3.org%2F2000%2Fsvg%22%20width%3D%22200%22%20height%3D%22200%22%20viewBox%3D%220%200%20200%20200%22%3E%3C%2Fsvg%3E\" loading=\"eager\"><\/span><span class=\"fg-image-overlay\"><\/span><\/a><figcaption class=\"fg-caption\"><div class=\"fg-caption-inner\"><div class=\"fg-caption-desc\">S mart 2 - Interferometry<\/div><\/div><\/figcaption><\/figure><div class=\"fg-loader\"><\/div><\/div><div class=\"fg-item fg-type-image fg-idle\"><figure class=\"fg-item-inner\"><a href=\"https:\/\/surfacelab.com.tr\/wp-content\/uploads\/2023\/04\/S-mart-2-Lateral-view.png\" data-caption-desc=\"S mart 2 - Lateral view\" data-attachment-id=\"1661\" class=\"fg-thumb\"><span class=\"fg-image-wrap\"><img decoding=\"async\" width=\"200\" height=\"200\" class=\"skip-lazy fg-image\" data-src-fg=\"https:\/\/surfacelab.com.tr\/wp-content\/uploads\/cache\/2023\/04\/S-mart-2-Lateral-view\/2839756497.png\" src=\"data:image\/svg+xml,%3Csvg%20xmlns%3D%22http%3A%2F%2Fwww.w3.org%2F2000%2Fsvg%22%20width%3D%22200%22%20height%3D%22200%22%20viewBox%3D%220%200%20200%20200%22%3E%3C%2Fsvg%3E\" loading=\"eager\"><\/span><span class=\"fg-image-overlay\"><\/span><\/a><figcaption class=\"fg-caption\"><div class=\"fg-caption-inner\"><div class=\"fg-caption-desc\">S mart 2 - Lateral view<\/div><\/div><\/figcaption><\/figure><div class=\"fg-loader\"><\/div><\/div><div class=\"fg-item fg-type-image fg-idle\"><figure class=\"fg-item-inner\"><a href=\"https:\/\/surfacelab.com.tr\/wp-content\/uploads\/2023\/04\/S-mart-2-Prespective-view-1-HR.png\" data-caption-desc=\"S mart 2 - Prespective view 1 [HR]\" data-attachment-id=\"1662\" class=\"fg-thumb\"><span class=\"fg-image-wrap\"><img decoding=\"async\" width=\"200\" height=\"200\" class=\"skip-lazy fg-image\" data-src-fg=\"https:\/\/surfacelab.com.tr\/wp-content\/uploads\/cache\/2023\/04\/S-mart-2-Prespective-view-1-HR\/1216478978.png\" src=\"data:image\/svg+xml,%3Csvg%20xmlns%3D%22http%3A%2F%2Fwww.w3.org%2F2000%2Fsvg%22%20width%3D%22200%22%20height%3D%22200%22%20viewBox%3D%220%200%20200%20200%22%3E%3C%2Fsvg%3E\" loading=\"eager\"><\/span><span class=\"fg-image-overlay\"><\/span><\/a><figcaption class=\"fg-caption\"><div class=\"fg-caption-inner\"><div class=\"fg-caption-desc\">S mart 2 - Prespective view 1 [HR]<\/div><\/div><\/figcaption><\/figure><div class=\"fg-loader\"><\/div><\/div><div class=\"fg-item fg-type-image fg-idle\"><figure class=\"fg-item-inner\"><a href=\"https:\/\/surfacelab.com.tr\/wp-content\/uploads\/2023\/04\/Smart2_right.png\" data-caption-desc=\"Smart2_right\" data-attachment-id=\"1663\" class=\"fg-thumb\"><span class=\"fg-image-wrap\"><img decoding=\"async\" width=\"200\" height=\"200\" class=\"skip-lazy fg-image\" data-src-fg=\"https:\/\/surfacelab.com.tr\/wp-content\/uploads\/cache\/2023\/04\/Smart2_right\/3051238043.png\" src=\"data:image\/svg+xml,%3Csvg%20xmlns%3D%22http%3A%2F%2Fwww.w3.org%2F2000%2Fsvg%22%20width%3D%22200%22%20height%3D%22200%22%20viewBox%3D%220%200%20200%20200%22%3E%3C%2Fsvg%3E\" loading=\"eager\"><\/span><span class=\"fg-image-overlay\"><\/span><\/a><figcaption class=\"fg-caption\"><div class=\"fg-caption-inner\"><div class=\"fg-caption-desc\">Smart2_right<\/div><\/div><\/figcaption><\/figure><div class=\"fg-loader\"><\/div><\/div>\t<\/div>\r\n\t<div class=\"fg-carousel-bottom\"><\/div>\r\n\t<div class=\"fg-carousel-progress\"><\/div>\r\n\t<button type=\"button\" class=\"fg-carousel-next\"><\/button>\r\n<\/div>\n","protected":false},"excerpt":{"rendered":"<p>SENSOFAR S mart 2 Temass\u0131z 3D Optik Profilometre S mart 2, piyasadaki tek otonom alan konfokal profilometredir. G\u00fc\u00e7l\u00fc \u00f6zellikleri ve kompakt tasar\u0131m\u0131, onu optik alanda bir at\u0131l\u0131m haline getiriyor.<\/p>\n","protected":false},"author":1,"featured_media":0,"parent":1311,"menu_order":0,"comment_status":"closed","ping_status":"closed","template":"","meta":{"om_disable_all_campaigns":false,"_mi_skip_tracking":false,"_monsterinsights_sitenote_active":false,"_monsterinsights_sitenote_note":"","_monsterinsights_sitenote_category":0,"footnotes":""},"class_list":["post-1655","page","type-page","status-publish","hentry"],"aioseo_notices":[],"yoast_head":"<!-- This site is optimized with the Yoast SEO plugin v21.1 - https:\/\/yoast.com\/wordpress\/plugins\/seo\/ -->\n<title>S mart 2 - SURFACE LAB.<\/title>\n<meta name=\"robots\" content=\"index, follow, max-snippet:-1, max-image-preview:large, max-video-preview:-1\" \/>\n<link rel=\"canonical\" href=\"https:\/\/surfacelab.com.tr\/index.php\/urunler\/sensofar\/s-mart-2\/\" \/>\n<meta property=\"og:locale\" content=\"tr_TR\" \/>\n<meta property=\"og:type\" content=\"article\" \/>\n<meta property=\"og:title\" content=\"S mart 2 - SURFACE LAB.\" \/>\n<meta property=\"og:description\" content=\"SENSOFAR S mart 2 Temass\u0131z 3D Optik Profilometre S mart 2, piyasadaki tek otonom alan konfokal profilometredir. G\u00fc\u00e7l\u00fc \u00f6zellikleri ve kompakt tasar\u0131m\u0131, onu optik alanda bir at\u0131l\u0131m haline getiriyor.\" \/>\n<meta property=\"og:url\" content=\"https:\/\/surfacelab.com.tr\/index.php\/urunler\/sensofar\/s-mart-2\/\" \/>\n<meta property=\"og:site_name\" content=\"SURFACE LAB.\" \/>\n<meta property=\"article:modified_time\" content=\"2023-05-23T13:24:56+00:00\" \/>\n<meta property=\"og:image\" content=\"https:\/\/surfacelab.com.tr\/wp-content\/uploads\/2023\/04\/launch-ih2.jpg\" \/>\n<meta name=\"twitter:card\" content=\"summary_large_image\" \/>\n<script type=\"application\/ld+json\" class=\"yoast-schema-graph\">{\"@context\":\"https:\/\/schema.org\",\"@graph\":[{\"@type\":\"WebPage\",\"@id\":\"https:\/\/surfacelab.com.tr\/index.php\/urunler\/sensofar\/s-mart-2\/\",\"url\":\"https:\/\/surfacelab.com.tr\/index.php\/urunler\/sensofar\/s-mart-2\/\",\"name\":\"S mart 2 - SURFACE LAB.\",\"isPartOf\":{\"@id\":\"https:\/\/surfacelab.com.tr\/#website\"},\"datePublished\":\"2023-04-10T21:40:07+00:00\",\"dateModified\":\"2023-05-23T13:24:56+00:00\",\"breadcrumb\":{\"@id\":\"https:\/\/surfacelab.com.tr\/index.php\/urunler\/sensofar\/s-mart-2\/#breadcrumb\"},\"inLanguage\":\"tr\",\"potentialAction\":[{\"@type\":\"ReadAction\",\"target\":[\"https:\/\/surfacelab.com.tr\/index.php\/urunler\/sensofar\/s-mart-2\/\"]}]},{\"@type\":\"BreadcrumbList\",\"@id\":\"https:\/\/surfacelab.com.tr\/index.php\/urunler\/sensofar\/s-mart-2\/#breadcrumb\",\"itemListElement\":[{\"@type\":\"ListItem\",\"position\":1,\"name\":\"Anasayfa\",\"item\":\"https:\/\/surfacelab.com.tr\/\"},{\"@type\":\"ListItem\",\"position\":2,\"name\":\"\u00dcR\u00dcNLER\",\"item\":\"https:\/\/surfacelab.com.tr\/index.php\/urunler\/\"},{\"@type\":\"ListItem\",\"position\":3,\"name\":\"SENSOFAR\",\"item\":\"https:\/\/surfacelab.com.tr\/index.php\/urunler\/sensofar\/\"},{\"@type\":\"ListItem\",\"position\":4,\"name\":\"S mart 2\"}]},{\"@type\":\"WebSite\",\"@id\":\"https:\/\/surfacelab.com.tr\/#website\",\"url\":\"https:\/\/surfacelab.com.tr\/\",\"name\":\"SURFACE LAB.\",\"description\":\"\",\"publisher\":{\"@id\":\"https:\/\/surfacelab.com.tr\/#organization\"},\"potentialAction\":[{\"@type\":\"SearchAction\",\"target\":{\"@type\":\"EntryPoint\",\"urlTemplate\":\"https:\/\/surfacelab.com.tr\/?s={search_term_string}\"},\"query-input\":\"required name=search_term_string\"}],\"inLanguage\":\"tr\"},{\"@type\":\"Organization\",\"@id\":\"https:\/\/surfacelab.com.tr\/#organization\",\"name\":\"SURFACE LAB.\",\"url\":\"https:\/\/surfacelab.com.tr\/\",\"logo\":{\"@type\":\"ImageObject\",\"inLanguage\":\"tr\",\"@id\":\"https:\/\/surfacelab.com.tr\/#\/schema\/logo\/image\/\",\"url\":\"https:\/\/surfacelab.com.tr\/wp-content\/uploads\/2022\/07\/surfacelab-logo-son.png\",\"contentUrl\":\"https:\/\/surfacelab.com.tr\/wp-content\/uploads\/2022\/07\/surfacelab-logo-son.png\",\"width\":2705,\"height\":586,\"caption\":\"SURFACE LAB.\"},\"image\":{\"@id\":\"https:\/\/surfacelab.com.tr\/#\/schema\/logo\/image\/\"}}]}<\/script>\n<!-- \/ Yoast SEO plugin. -->","yoast_head_json":{"title":"S mart 2 - SURFACE LAB.","robots":{"index":"index","follow":"follow","max-snippet":"max-snippet:-1","max-image-preview":"max-image-preview:large","max-video-preview":"max-video-preview:-1"},"canonical":"https:\/\/surfacelab.com.tr\/index.php\/urunler\/sensofar\/s-mart-2\/","og_locale":"tr_TR","og_type":"article","og_title":"S mart 2 - SURFACE LAB.","og_description":"SENSOFAR S mart 2 Temass\u0131z 3D Optik Profilometre S mart 2, piyasadaki tek otonom alan konfokal profilometredir. G\u00fc\u00e7l\u00fc \u00f6zellikleri ve kompakt tasar\u0131m\u0131, onu optik alanda bir at\u0131l\u0131m haline getiriyor.","og_url":"https:\/\/surfacelab.com.tr\/index.php\/urunler\/sensofar\/s-mart-2\/","og_site_name":"SURFACE LAB.","article_modified_time":"2023-05-23T13:24:56+00:00","og_image":[{"url":"https:\/\/surfacelab.com.tr\/wp-content\/uploads\/2023\/04\/launch-ih2.jpg"}],"twitter_card":"summary_large_image","schema":{"@context":"https:\/\/schema.org","@graph":[{"@type":"WebPage","@id":"https:\/\/surfacelab.com.tr\/index.php\/urunler\/sensofar\/s-mart-2\/","url":"https:\/\/surfacelab.com.tr\/index.php\/urunler\/sensofar\/s-mart-2\/","name":"S mart 2 - SURFACE LAB.","isPartOf":{"@id":"https:\/\/surfacelab.com.tr\/#website"},"datePublished":"2023-04-10T21:40:07+00:00","dateModified":"2023-05-23T13:24:56+00:00","breadcrumb":{"@id":"https:\/\/surfacelab.com.tr\/index.php\/urunler\/sensofar\/s-mart-2\/#breadcrumb"},"inLanguage":"tr","potentialAction":[{"@type":"ReadAction","target":["https:\/\/surfacelab.com.tr\/index.php\/urunler\/sensofar\/s-mart-2\/"]}]},{"@type":"BreadcrumbList","@id":"https:\/\/surfacelab.com.tr\/index.php\/urunler\/sensofar\/s-mart-2\/#breadcrumb","itemListElement":[{"@type":"ListItem","position":1,"name":"Anasayfa","item":"https:\/\/surfacelab.com.tr\/"},{"@type":"ListItem","position":2,"name":"\u00dcR\u00dcNLER","item":"https:\/\/surfacelab.com.tr\/index.php\/urunler\/"},{"@type":"ListItem","position":3,"name":"SENSOFAR","item":"https:\/\/surfacelab.com.tr\/index.php\/urunler\/sensofar\/"},{"@type":"ListItem","position":4,"name":"S mart 2"}]},{"@type":"WebSite","@id":"https:\/\/surfacelab.com.tr\/#website","url":"https:\/\/surfacelab.com.tr\/","name":"SURFACE LAB.","description":"","publisher":{"@id":"https:\/\/surfacelab.com.tr\/#organization"},"potentialAction":[{"@type":"SearchAction","target":{"@type":"EntryPoint","urlTemplate":"https:\/\/surfacelab.com.tr\/?s={search_term_string}"},"query-input":"required name=search_term_string"}],"inLanguage":"tr"},{"@type":"Organization","@id":"https:\/\/surfacelab.com.tr\/#organization","name":"SURFACE LAB.","url":"https:\/\/surfacelab.com.tr\/","logo":{"@type":"ImageObject","inLanguage":"tr","@id":"https:\/\/surfacelab.com.tr\/#\/schema\/logo\/image\/","url":"https:\/\/surfacelab.com.tr\/wp-content\/uploads\/2022\/07\/surfacelab-logo-son.png","contentUrl":"https:\/\/surfacelab.com.tr\/wp-content\/uploads\/2022\/07\/surfacelab-logo-son.png","width":2705,"height":586,"caption":"SURFACE LAB."},"image":{"@id":"https:\/\/surfacelab.com.tr\/#\/schema\/logo\/image\/"}}]}},"_links":{"self":[{"href":"https:\/\/surfacelab.com.tr\/index.php\/wp-json\/wp\/v2\/pages\/1655","targetHints":{"allow":["GET"]}}],"collection":[{"href":"https:\/\/surfacelab.com.tr\/index.php\/wp-json\/wp\/v2\/pages"}],"about":[{"href":"https:\/\/surfacelab.com.tr\/index.php\/wp-json\/wp\/v2\/types\/page"}],"author":[{"embeddable":true,"href":"https:\/\/surfacelab.com.tr\/index.php\/wp-json\/wp\/v2\/users\/1"}],"replies":[{"embeddable":true,"href":"https:\/\/surfacelab.com.tr\/index.php\/wp-json\/wp\/v2\/comments?post=1655"}],"version-history":[{"count":2,"href":"https:\/\/surfacelab.com.tr\/index.php\/wp-json\/wp\/v2\/pages\/1655\/revisions"}],"predecessor-version":[{"id":1730,"href":"https:\/\/surfacelab.com.tr\/index.php\/wp-json\/wp\/v2\/pages\/1655\/revisions\/1730"}],"up":[{"embeddable":true,"href":"https:\/\/surfacelab.com.tr\/index.php\/wp-json\/wp\/v2\/pages\/1311"}],"wp:attachment":[{"href":"https:\/\/surfacelab.com.tr\/index.php\/wp-json\/wp\/v2\/media?parent=1655"}],"curies":[{"name":"wp","href":"https:\/\/api.w.org\/{rel}","templated":true}]}}